{"id":10,"date":"2022-05-06T08:28:34","date_gmt":"2022-05-06T08:28:34","guid":{"rendered":"https:\/\/www.domainevaldeceze.fr\/?page_id=10"},"modified":"2025-08-06T10:35:25","modified_gmt":"2025-08-06T08:35:25","slug":"hotel-restaurant-seminaire","status":"publish","type":"page","link":"https:\/\/www.domainevaldeceze.fr\/en\/","title":{"rendered":"The Domain"},"content":{"rendered":"<div data-elementor-type=\"wp-page\" data-elementor-id=\"10\" class=\"elementor elementor-10\">\n\t\t\t\t\t\t<section class=\"elementor-section elementor-top-section elementor-element elementor-element-27307a5 elementor-section-height-min-height elementor-section-stretched elementor-section-boxed elementor-section-height-default elementor-section-items-middle\" data-id=\"27307a5\" data-element_type=\"section\" data-e-type=\"section\" data-settings=\"{&quot;stretch_section&quot;:&quot;section-stretched&quot;}\">\n\t\t\t\t\t\t<div class=\"elementor-container elementor-column-gap-no\">\n\t\t\t\t\t<main class=\"elementor-column elementor-col-100 elementor-top-column elementor-element elementor-element-b0435af\" data-id=\"b0435af\" data-element_type=\"column\" data-e-type=\"column\" data-settings=\"{&quot;background_background&quot;:&quot;classic&quot;}\">\n\t\t\t<div class=\"elementor-widget-wrap elementor-element-populated\">\n\t\t\t\t\t\t<div class=\"elementor-element elementor-element-eb5d94f elementor-widget elementor-widget-image\" data-id=\"eb5d94f\" data-element_type=\"widget\" data-e-type=\"widget\" data-widget_type=\"image.default\">\n\t\t\t\t<div class=\"elementor-widget-container\">\n\t\t\t\t\t\t\t\t\t\t\t\t\t\t\t<img fetchpriority=\"high\" decoding=\"async\" width=\"1920\" height=\"1280\" src=\"https:\/\/www.domainevaldeceze.fr\/wp-content\/uploads\/2022\/05\/0002-1.jpg\" class=\"attachment-full size-full wp-image-12\" alt=\"\" srcset=\"https:\/\/www.domainevaldeceze.fr\/wp-content\/uploads\/2022\/05\/0002-1.jpg 1920w, https:\/\/www.domainevaldeceze.fr\/wp-content\/uploads\/2022\/05\/0002-1-300x200.jpg 300w, https:\/\/www.domainevaldeceze.fr\/wp-content\/uploads\/2022\/05\/0002-1-1024x683.jpg 1024w, https:\/\/www.domainevaldeceze.fr\/wp-content\/uploads\/2022\/05\/0002-1-768x512.jpg 768w, https:\/\/www.domainevaldeceze.fr\/wp-content\/uploads\/2022\/05\/0002-1-1536x1024.jpg 1536w\" sizes=\"(max-width: 1920px) 100vw, 1920px\" \/>\t\t\t\t\t\t\t\t\t\t\t\t\t\t\t<\/div>\n\t\t\t\t<\/div>\n\t\t\t\t<div class=\"elementor-element elementor-element-3fc824b elementor-widget elementor-widget-spacer\" data-id=\"3fc824b\" data-element_type=\"widget\" data-e-type=\"widget\" data-widget_type=\"spacer.default\">\n\t\t\t\t<div class=\"elementor-widget-container\">\n\t\t\t\t\t\t\t<div class=\"elementor-spacer\">\n\t\t\t<div class=\"elementor-spacer-inner\"><\/div>\n\t\t<\/div>\n\t\t\t\t\t\t<\/div>\n\t\t\t\t<\/div>\n\t\t\t\t<div class=\"elementor-element elementor-element-de6fe07 elementor-widget-divider--view-line_text elementor-widget-divider--element-align-center elementor-widget elementor-widget-divider\" data-id=\"de6fe07\" data-element_type=\"widget\" data-e-type=\"widget\" data-widget_type=\"divider.default\">\n\t\t\t\t<div class=\"elementor-widget-container\">\n\t\t\t\t\t\t\t<div class=\"elementor-divider\">\n\t\t\t<span class=\"elementor-divider-separator\">\n\t\t\t\t\t\t\t<h2 class=\"elementor-divider__text elementor-divider__element\">\n\t\t\t\tThe Domain \t\t\t\t<\/h2>\n\t\t\t\t\t\t<\/span>\n\t\t<\/div>\n\t\t\t\t\t\t<\/div>\n\t\t\t\t<\/div>\n\t\t\t\t<div class=\"elementor-element elementor-element-d0d3a00 elementor-widget elementor-widget-spacer\" data-id=\"d0d3a00\" data-element_type=\"widget\" data-e-type=\"widget\" data-widget_type=\"spacer.default\">\n\t\t\t\t<div class=\"elementor-widget-container\">\n\t\t\t\t\t\t\t<div class=\"elementor-spacer\">\n\t\t\t<div class=\"elementor-spacer-inner\"><\/div>\n\t\t<\/div>\n\t\t\t\t\t\t<\/div>\n\t\t\t\t<\/div>\n\t\t\t\t<div class=\"elementor-element elementor-element-920b58c elementor-widget elementor-widget-text-editor\" data-id=\"920b58c\" data-element_type=\"widget\" data-e-type=\"widget\" data-widget_type=\"text-editor.default\">\n\t\t\t\t<div class=\"elementor-widget-container\">\n\t\t\t\t\t\t\t\t\t<h3 data-start=\"203\" data-end=\"268\"><strong>The Domain Val de C\u00e8ze\u2014History, charm &amp; discovery<\/strong><\/h3><h3 data-start=\"270\" data-end=\"465\"><strong>Former hunting lodge of the lord of the Ch\u00e2teau de Paniscoule, located a stone\u2019s throw away, the Domaine Val de C\u00e8ze invites you to a journey into the heart of history and the sweetness of life in Provence.<\/strong><\/h3>\t\t\t\t\t\t\t\t<\/div>\n\t\t\t\t<\/div>\n\t\t\t\t<div class=\"elementor-element elementor-element-1ac8284 elementor-widget elementor-widget-spacer\" data-id=\"1ac8284\" data-element_type=\"widget\" data-e-type=\"widget\" data-widget_type=\"spacer.default\">\n\t\t\t\t<div class=\"elementor-widget-container\">\n\t\t\t\t\t\t\t<div class=\"elementor-spacer\">\n\t\t\t<div class=\"elementor-spacer-inner\"><\/div>\n\t\t<\/div>\n\t\t\t\t\t\t<\/div>\n\t\t\t\t<\/div>\n\t\t\t\t\t<\/div>\n\t\t<\/main>\n\t\t\t\t\t<\/div>\n\t\t<\/section>\n\t\t\t\t<section class=\"elementor-section elementor-top-section elementor-element elementor-element-dfa3f97 elementor-section-boxed elementor-section-height-default elementor-section-height-default\" data-id=\"dfa3f97\" data-element_type=\"section\" data-e-type=\"section\">\n\t\t\t\t\t\t<div class=\"elementor-container elementor-column-gap-default\">\n\t\t\t\t\t<div class=\"elementor-column elementor-col-100 elementor-top-column elementor-element elementor-element-544f43a\" data-id=\"544f43a\" data-element_type=\"column\" data-e-type=\"column\">\n\t\t\t<div class=\"elementor-widget-wrap elementor-element-populated\">\n\t\t\t\t\t\t<div class=\"elementor-element elementor-element-c1e1d55 elementor-widget elementor-widget-text-editor\" data-id=\"c1e1d55\" data-element_type=\"widget\" data-e-type=\"widget\" data-widget_type=\"text-editor.default\">\n\t\t\t\t<div class=\"elementor-widget-container\">\n\t\t\t\t\t\t\t\t\t<h3 data-start=\"472\" data-end=\"552\">\ud83d\udccd <strong data-start=\"479\" data-end=\"552\">A privileged location, at the heart of the cultural treasures of the region<\/strong><\/h3><p data-start=\"554\" data-end=\"636\">Ideally located, the estate is close to many exceptional sites:<\/p><ul data-start=\"638\" data-end=\"1089\"><li data-start=\"638\" data-end=\"755\"><p data-start=\"640\" data-end=\"755\"><strong data-start=\"640\" data-end=\"651\">Avignon<\/strong>, the city of the popes, its Palace, its famous Pont Saint-B\u00e9n\u00e9zet and its international theater festival<\/p><\/li><li data-start=\"756\" data-end=\"833\"><p data-start=\"758\" data-end=\"833\">Majestic <strong data-start=\"772\" data-end=\"788\">Pont du Gard<\/strong>, World Heritage-listed Roman aqueduct<\/p><\/li><li data-start=\"834\" data-end=\"914\"><p data-start=\"836\" data-end=\"914\">The ancient city of <strong data-start=\"856\" data-end=\"865\">N\u00eemes<\/strong> (arenas, Maison Carr\u00e9e, Jardins de la Fontaine...)<\/p><\/li><li data-start=\"915\" data-end=\"980\"><p data-start=\"917\" data-end=\"980\"><strong data-start=\"917\" data-end=\"927\">Orange<\/strong> and its sumptuous Ancient Theater, host of the Chor\u00e9gies<\/p><\/li><li data-start=\"981\" data-end=\"1089\"><p data-start=\"983\" data-end=\"1089\">Sublime <strong data-start=\"996\" data-end=\"1019\">Gorges de l\u2019Ard\u00e8che<\/strong>with the <strong data-start=\"1029\" data-end=\"1043\">Pont d\u2019Arc<\/strong> and the <strong data-start=\"1050\" data-end=\"1068\">Grotte Chauvet<\/strong>, registered at UNESCO<\/p><\/li><\/ul><p data-start=\"1091\" data-end=\"1207\">An ideal setting <strong data-start=\"1115\" data-end=\"1136\">for a night stopover<\/strong> or a <strong data-start=\"1143\" data-end=\"1162\">extended stay<\/strong> to discover the wonders of the region.<\/p>\t\t\t\t\t\t\t\t<\/div>\n\t\t\t\t<\/div>\n\t\t\t\t\t<\/div>\n\t\t<\/div>\n\t\t\t\t\t<\/div>\n\t\t<\/section>\n\t\t\t\t<section class=\"elementor-section elementor-top-section elementor-element elementor-element-e15df09 elementor-section-boxed elementor-section-height-default elementor-section-height-default\" data-id=\"e15df09\" data-element_type=\"section\" data-e-type=\"section\">\n\t\t\t\t\t\t<div class=\"elementor-container elementor-column-gap-default\">\n\t\t\t\t\t<div class=\"elementor-column elementor-col-100 elementor-top-column elementor-element elementor-element-0099aff\" data-id=\"0099aff\" data-element_type=\"column\" data-e-type=\"column\">\n\t\t\t<div class=\"elementor-widget-wrap elementor-element-populated\">\n\t\t\t\t\t\t<div class=\"elementor-element elementor-element-bbd5ccf elementor-widget elementor-widget-text-editor\" data-id=\"bbd5ccf\" data-element_type=\"widget\" data-e-type=\"widget\" data-widget_type=\"text-editor.default\">\n\t\t\t\t<div class=\"elementor-widget-container\">\n\t\t\t\t\t\t\t\t\t<h3 data-start=\"1214\" data-end=\"1256\">\ud83d\udd70\ufe0f <strong data-start=\"1222\" data-end=\"1256\">A house steeped in history<\/strong><\/h3><ul data-start=\"1258\" data-end=\"1747\"><li data-start=\"1258\" data-end=\"1386\"><p data-start=\"1260\" data-end=\"1386\"><strong data-start=\"1260\" data-end=\"1268\">1623<\/strong> Construction of the manor house by a member of <strong data-start=\"1333\" data-end=\"1348\">De Castries<\/strong>attached to the Ch\u00e2teau de Paniscoule<\/p><\/li><li data-start=\"1387\" data-end=\"1505\"><p data-start=\"1389\" data-end=\"1505\"><strong data-start=\"1389\" data-end=\"1397\">1900<\/strong> Upon the death of the Countess De Castries, the estate becomes the summer residence of Abel Sautel and his wife<\/p><\/li><li data-start=\"1506\" data-end=\"1635\"><p data-start=\"1508\" data-end=\"1635\"><strong data-start=\"1508\" data-end=\"1516\">1936<\/strong> It is sold to their neighbor, Jacqueline Andr\u00e9-Thom\u00e9. His daughter, \u00c9l\u00e9onore, marries Baron Sapion du Roure de Beaujeu<\/p><\/li><li data-start=\"1636\" data-end=\"1747\"><p data-start=\"1638\" data-end=\"1747\"><strong data-start=\"1638\" data-end=\"1666\">August 7<\/strong> Fran\u00e7ois Brahin transforms the estate into a hotel and renames it <strong data-start=\"1730\" data-end=\"1747\">\u00ab Ventadous \u00bb<\/strong><\/p><\/li><\/ul>\t\t\t\t\t\t\t\t<\/div>\n\t\t\t\t<\/div>\n\t\t\t\t\t<\/div>\n\t\t<\/div>\n\t\t\t\t\t<\/div>\n\t\t<\/section>\n\t\t\t\t<section class=\"elementor-section elementor-top-section elementor-element elementor-element-9ac2003 elementor-section-boxed elementor-section-height-default elementor-section-height-default\" data-id=\"9ac2003\" data-element_type=\"section\" data-e-type=\"section\">\n\t\t\t\t\t\t<div class=\"elementor-container elementor-column-gap-default\">\n\t\t\t\t\t<div class=\"elementor-column elementor-col-100 elementor-top-column elementor-element elementor-element-87a03fe\" data-id=\"87a03fe\" data-element_type=\"column\" data-e-type=\"column\">\n\t\t\t<div class=\"elementor-widget-wrap elementor-element-populated\">\n\t\t\t\t\t\t<div class=\"elementor-element elementor-element-5ca9d0a elementor-align-center elementor-widget elementor-widget-button\" data-id=\"5ca9d0a\" data-element_type=\"widget\" data-e-type=\"widget\" data-widget_type=\"button.default\">\n\t\t\t\t<div class=\"elementor-widget-container\">\n\t\t\t\t\t\t\t\t\t<div class=\"elementor-button-wrapper\">\n\t\t\t\t\t<a class=\"elementor-button elementor-button-link elementor-size-xs\" href=\"https:\/\/reservation.elloha.com\/?idPublication=9531ad55-c9a2-4e62-b1f9-a46761f6a3af&#038;idoi=f4250941-24ab-45aa-a337-da35ccd619f2&#038;TypeOi=1&#038;searchFirstAvailableDates=1&#038;dateTo=16\/05\/2022&#038;NbAdultes=2&#038;culture=fr-FR\">\n\t\t\t\t\t\t<span class=\"elementor-button-content-wrapper\">\n\t\t\t\t\t\t\t\t\t<span class=\"elementor-button-text\">BOOK ONLINE <\/span>\n\t\t\t\t\t<\/span>\n\t\t\t\t\t<\/a>\n\t\t\t\t<\/div>\n\t\t\t\t\t\t\t\t<\/div>\n\t\t\t\t<\/div>\n\t\t\t\t\t<\/div>\n\t\t<\/div>\n\t\t\t\t\t<\/div>\n\t\t<\/section>\n\t\t\t\t<section class=\"elementor-section elementor-top-section elementor-element elementor-element-f781da2 elementor-section-boxed elementor-section-height-default elementor-section-height-default\" data-id=\"f781da2\" data-element_type=\"section\" data-e-type=\"section\">\n\t\t\t\t\t\t<div class=\"elementor-container elementor-column-gap-default\">\n\t\t\t\t\t<div class=\"elementor-column elementor-col-100 elementor-top-column elementor-element elementor-element-5119047\" data-id=\"5119047\" data-element_type=\"column\" data-e-type=\"column\">\n\t\t\t<div class=\"elementor-widget-wrap elementor-element-populated\">\n\t\t\t\t\t\t<div class=\"elementor-element elementor-element-3cfc69c elementor-widget elementor-widget-spacer\" data-id=\"3cfc69c\" data-element_type=\"widget\" data-e-type=\"widget\" data-widget_type=\"spacer.default\">\n\t\t\t\t<div class=\"elementor-widget-container\">\n\t\t\t\t\t\t\t<div class=\"elementor-spacer\">\n\t\t\t<div class=\"elementor-spacer-inner\"><\/div>\n\t\t<\/div>\n\t\t\t\t\t\t<\/div>\n\t\t\t\t<\/div>\n\t\t\t\t<div class=\"elementor-element elementor-element-e95fa65 elementor-widget elementor-widget-image\" data-id=\"e95fa65\" data-element_type=\"widget\" data-e-type=\"widget\" data-widget_type=\"image.default\">\n\t\t\t\t<div class=\"elementor-widget-container\">\n\t\t\t\t\t\t\t\t\t\t\t\t\t\t\t<img decoding=\"async\" width=\"800\" height=\"90\" src=\"https:\/\/www.domainevaldeceze.fr\/wp-content\/uploads\/2022\/05\/Sans-titre6.png\" class=\"attachment-large size-large wp-image-190\" alt=\"\" srcset=\"https:\/\/www.domainevaldeceze.fr\/wp-content\/uploads\/2022\/05\/Sans-titre6.png 800w, https:\/\/www.domainevaldeceze.fr\/wp-content\/uploads\/2022\/05\/Sans-titre6-300x34.png 300w, https:\/\/www.domainevaldeceze.fr\/wp-content\/uploads\/2022\/05\/Sans-titre6-768x86.png 768w\" sizes=\"(max-width: 800px) 100vw, 800px\" \/>\t\t\t\t\t\t\t\t\t\t\t\t\t\t\t<\/div>\n\t\t\t\t<\/div>\n\t\t\t\t<div class=\"elementor-element elementor-element-35b4f34 elementor-widget elementor-widget-spacer\" data-id=\"35b4f34\" data-element_type=\"widget\" data-e-type=\"widget\" data-widget_type=\"spacer.default\">\n\t\t\t\t<div class=\"elementor-widget-container\">\n\t\t\t\t\t\t\t<div class=\"elementor-spacer\">\n\t\t\t<div class=\"elementor-spacer-inner\"><\/div>\n\t\t<\/div>\n\t\t\t\t\t\t<\/div>\n\t\t\t\t<\/div>\n\t\t\t\t\t<\/div>\n\t\t<\/div>\n\t\t\t\t\t<\/div>\n\t\t<\/section>\n\t\t\t\t<\/div>","protected":false},"excerpt":{"rendered":"<p>Le Domaine Le Domaine Val de C\u00e8ze \u2014 Histoire, charme &amp; d\u00e9couverte Ancien relais de chasse du seigneur du Ch\u00e2teau de Paniscoule, situ\u00e9 \u00e0 deux pas, le Domaine Val de C\u00e8ze vous invite \u00e0 un voyage au c\u0153ur de l\u2019histoire et de la douceur de vivre en Provence. \ud83d\udccd Un emplacement privil\u00e9gi\u00e9, au c\u0153ur des [&hellip;]<\/p>","protected":false},"author":1,"featured_media":0,"parent":0,"menu_order":0,"comment_status":"closed","ping_status":"closed","template":"elementor_header_footer","meta":{"footnotes":""},"class_list":["post-10","page","type-page","status-publish","hentry","entry"],"yoast_head":"<!-- This site is optimized with the Yoast SEO plugin v27.5 - https:\/\/yoast.com\/product\/yoast-seo-wordpress\/ -->\n<title>H\u00f4tel Restaurant - Domaine du Val de C\u00e8ze<\/title>\n<meta name=\"description\" content=\"Le domaine Val de C\u00e8ze est un h\u00f4tel (3 \u00e9toiles), un restaurant gastronomique et un lieu de r\u00e9ception pour tous types d&#039;\u00e9v\u00e9nements publics ou priv\u00e9s !\" \/>\n<meta name=\"robots\" content=\"index, follow, max-snippet:-1, max-image-preview:large, max-video-preview:-1\" \/>\n<link rel=\"canonical\" href=\"https:\/\/www.domainevaldeceze.fr\/en\/\" \/>\n<meta property=\"og:locale\" content=\"en_GB\" \/>\n<meta property=\"og:type\" content=\"article\" \/>\n<meta property=\"og:title\" content=\"H\u00f4tel Restaurant - Domaine du Val de C\u00e8ze\" \/>\n<meta property=\"og:description\" content=\"Le domaine Val de C\u00e8ze est un h\u00f4tel (3 \u00e9toiles), un restaurant gastronomique et un lieu de r\u00e9ception pour tous types d&#039;\u00e9v\u00e9nements publics ou priv\u00e9s !\" \/>\n<meta property=\"og:url\" content=\"https:\/\/www.domainevaldeceze.fr\/en\/\" \/>\n<meta property=\"og:site_name\" content=\"domaine Val de C\u00e8ze\" \/>\n<meta property=\"article:modified_time\" content=\"2025-08-06T08:35:25+00:00\" \/>\n<meta property=\"og:image\" content=\"https:\/\/www.domainevaldeceze.fr\/wp-content\/uploads\/2022\/05\/0002-1.jpg\" \/>\n\t<meta property=\"og:image:width\" content=\"1920\" \/>\n\t<meta property=\"og:image:height\" content=\"1280\" \/>\n\t<meta property=\"og:image:type\" content=\"image\/jpeg\" \/>\n<meta name=\"twitter:card\" content=\"summary_large_image\" \/>\n<meta name=\"twitter:label1\" content=\"Estimated reading time\" \/>\n\t<meta name=\"twitter:data1\" content=\"3 minutes\" \/>\n<script type=\"application\/ld+json\" class=\"yoast-schema-graph\">{\"@context\":\"https:\\\/\\\/schema.org\",\"@graph\":[{\"@type\":\"WebPage\",\"@id\":\"https:\\\/\\\/www.domainevaldeceze.fr\\\/\",\"url\":\"https:\\\/\\\/www.domainevaldeceze.fr\\\/\",\"name\":\"H\u00f4tel Restaurant - Domaine du Val de C\u00e8ze\",\"isPartOf\":{\"@id\":\"https:\\\/\\\/www.domainevaldeceze.fr\\\/#website\"},\"primaryImageOfPage\":{\"@id\":\"https:\\\/\\\/www.domainevaldeceze.fr\\\/#primaryimage\"},\"image\":{\"@id\":\"https:\\\/\\\/www.domainevaldeceze.fr\\\/#primaryimage\"},\"thumbnailUrl\":\"https:\\\/\\\/www.domainevaldeceze.fr\\\/wp-content\\\/uploads\\\/2022\\\/05\\\/0002-1.jpg\",\"datePublished\":\"2022-05-06T08:28:34+00:00\",\"dateModified\":\"2025-08-06T08:35:25+00:00\",\"description\":\"Le domaine Val de C\u00e8ze est un h\u00f4tel (3 \u00e9toiles), un restaurant gastronomique et un lieu de r\u00e9ception pour tous types d'\u00e9v\u00e9nements publics ou priv\u00e9s !\",\"breadcrumb\":{\"@id\":\"https:\\\/\\\/www.domainevaldeceze.fr\\\/#breadcrumb\"},\"inLanguage\":\"en-GB\",\"potentialAction\":[{\"@type\":\"ReadAction\",\"target\":[\"https:\\\/\\\/www.domainevaldeceze.fr\\\/\"]}]},{\"@type\":\"ImageObject\",\"inLanguage\":\"en-GB\",\"@id\":\"https:\\\/\\\/www.domainevaldeceze.fr\\\/#primaryimage\",\"url\":\"https:\\\/\\\/www.domainevaldeceze.fr\\\/wp-content\\\/uploads\\\/2022\\\/05\\\/0002-1.jpg\",\"contentUrl\":\"https:\\\/\\\/www.domainevaldeceze.fr\\\/wp-content\\\/uploads\\\/2022\\\/05\\\/0002-1.jpg\"},{\"@type\":\"BreadcrumbList\",\"@id\":\"https:\\\/\\\/www.domainevaldeceze.fr\\\/#breadcrumb\",\"itemListElement\":[{\"@type\":\"ListItem\",\"position\":1,\"name\":\"Home\",\"item\":\"https:\\\/\\\/www.domainevaldeceze.fr\\\/\"},{\"@type\":\"ListItem\",\"position\":2,\"name\":\"Le Domaine\"}]},{\"@type\":\"WebSite\",\"@id\":\"https:\\\/\\\/www.domainevaldeceze.fr\\\/#website\",\"url\":\"https:\\\/\\\/www.domainevaldeceze.fr\\\/\",\"name\":\"domaine Val de C\u00e8ze\",\"description\":\"Le domaine  Val de C\u00e8ze est un h\u00f4tel (3 \u00e9toiles), un restaurant gastronomique et un lieu de r\u00e9ception pour tous types d&#039;\u00e9v\u00e9nements publics ou priv\u00e9s !\",\"publisher\":{\"@id\":\"https:\\\/\\\/www.domainevaldeceze.fr\\\/#organization\"},\"potentialAction\":[{\"@type\":\"SearchAction\",\"target\":{\"@type\":\"EntryPoint\",\"urlTemplate\":\"https:\\\/\\\/www.domainevaldeceze.fr\\\/?s={search_term_string}\"},\"query-input\":{\"@type\":\"PropertyValueSpecification\",\"valueRequired\":true,\"valueName\":\"search_term_string\"}}],\"inLanguage\":\"en-GB\"},{\"@type\":\"Organization\",\"@id\":\"https:\\\/\\\/www.domainevaldeceze.fr\\\/#organization\",\"name\":\"domaine Val de C\u00e8ze\",\"url\":\"https:\\\/\\\/www.domainevaldeceze.fr\\\/\",\"logo\":{\"@type\":\"ImageObject\",\"inLanguage\":\"en-GB\",\"@id\":\"https:\\\/\\\/www.domainevaldeceze.fr\\\/#\\\/schema\\\/logo\\\/image\\\/\",\"url\":\"https:\\\/\\\/www.domainevaldeceze.fr\\\/wp-content\\\/uploads\\\/2022\\\/05\\\/cropped-1151006675256159-scaled-1.jpg\",\"contentUrl\":\"https:\\\/\\\/www.domainevaldeceze.fr\\\/wp-content\\\/uploads\\\/2022\\\/05\\\/cropped-1151006675256159-scaled-1.jpg\",\"width\":2560,\"height\":1156,\"caption\":\"domaine Val de C\u00e8ze\"},\"image\":{\"@id\":\"https:\\\/\\\/www.domainevaldeceze.fr\\\/#\\\/schema\\\/logo\\\/image\\\/\"}}]}<\/script>\n<!-- \/ Yoast SEO plugin. -->","yoast_head_json":{"title":"H\u00f4tel Restaurant - Domaine du Val de C\u00e8ze","description":"Le domaine Val de C\u00e8ze est un h\u00f4tel (3 \u00e9toiles), un restaurant gastronomique et un lieu de r\u00e9ception pour tous types d'\u00e9v\u00e9nements publics ou priv\u00e9s !","robots":{"index":"index","follow":"follow","max-snippet":"max-snippet:-1","max-image-preview":"max-image-preview:large","max-video-preview":"max-video-preview:-1"},"canonical":"https:\/\/www.domainevaldeceze.fr\/en\/","og_locale":"en_GB","og_type":"article","og_title":"H\u00f4tel Restaurant - Domaine du Val de C\u00e8ze","og_description":"Le domaine Val de C\u00e8ze est un h\u00f4tel (3 \u00e9toiles), un restaurant gastronomique et un lieu de r\u00e9ception pour tous types d'\u00e9v\u00e9nements publics ou priv\u00e9s !","og_url":"https:\/\/www.domainevaldeceze.fr\/en\/","og_site_name":"domaine Val de C\u00e8ze","article_modified_time":"2025-08-06T08:35:25+00:00","og_image":[{"width":1920,"height":1280,"url":"https:\/\/www.domainevaldeceze.fr\/wp-content\/uploads\/2022\/05\/0002-1.jpg","type":"image\/jpeg"}],"twitter_card":"summary_large_image","twitter_misc":{"Estimated reading time":"3 minutes"},"schema":{"@context":"https:\/\/schema.org","@graph":[{"@type":"WebPage","@id":"https:\/\/www.domainevaldeceze.fr\/","url":"https:\/\/www.domainevaldeceze.fr\/","name":"H\u00f4tel Restaurant - Domaine du Val de C\u00e8ze","isPartOf":{"@id":"https:\/\/www.domainevaldeceze.fr\/#website"},"primaryImageOfPage":{"@id":"https:\/\/www.domainevaldeceze.fr\/#primaryimage"},"image":{"@id":"https:\/\/www.domainevaldeceze.fr\/#primaryimage"},"thumbnailUrl":"https:\/\/www.domainevaldeceze.fr\/wp-content\/uploads\/2022\/05\/0002-1.jpg","datePublished":"2022-05-06T08:28:34+00:00","dateModified":"2025-08-06T08:35:25+00:00","description":"Le domaine Val de C\u00e8ze est un h\u00f4tel (3 \u00e9toiles), un restaurant gastronomique et un lieu de r\u00e9ception pour tous types d'\u00e9v\u00e9nements publics ou priv\u00e9s !","breadcrumb":{"@id":"https:\/\/www.domainevaldeceze.fr\/#breadcrumb"},"inLanguage":"en-GB","potentialAction":[{"@type":"ReadAction","target":["https:\/\/www.domainevaldeceze.fr\/"]}]},{"@type":"ImageObject","inLanguage":"en-GB","@id":"https:\/\/www.domainevaldeceze.fr\/#primaryimage","url":"https:\/\/www.domainevaldeceze.fr\/wp-content\/uploads\/2022\/05\/0002-1.jpg","contentUrl":"https:\/\/www.domainevaldeceze.fr\/wp-content\/uploads\/2022\/05\/0002-1.jpg"},{"@type":"BreadcrumbList","@id":"https:\/\/www.domainevaldeceze.fr\/#breadcrumb","itemListElement":[{"@type":"ListItem","position":1,"name":"Home","item":"https:\/\/www.domainevaldeceze.fr\/"},{"@type":"ListItem","position":2,"name":"Le Domaine"}]},{"@type":"WebSite","@id":"https:\/\/www.domainevaldeceze.fr\/#website","url":"https:\/\/www.domainevaldeceze.fr\/","name":"domaine Val de C\u00e8ze","description":"Le domaine  Val de C\u00e8ze est un h\u00f4tel (3 \u00e9toiles), un restaurant gastronomique et un lieu de r\u00e9ception pour tous types d&#039;\u00e9v\u00e9nements publics ou priv\u00e9s !","publisher":{"@id":"https:\/\/www.domainevaldeceze.fr\/#organization"},"potentialAction":[{"@type":"SearchAction","target":{"@type":"EntryPoint","urlTemplate":"https:\/\/www.domainevaldeceze.fr\/?s={search_term_string}"},"query-input":{"@type":"PropertyValueSpecification","valueRequired":true,"valueName":"search_term_string"}}],"inLanguage":"en-GB"},{"@type":"Organization","@id":"https:\/\/www.domainevaldeceze.fr\/#organization","name":"domaine Val de C\u00e8ze","url":"https:\/\/www.domainevaldeceze.fr\/","logo":{"@type":"ImageObject","inLanguage":"en-GB","@id":"https:\/\/www.domainevaldeceze.fr\/#\/schema\/logo\/image\/","url":"https:\/\/www.domainevaldeceze.fr\/wp-content\/uploads\/2022\/05\/cropped-1151006675256159-scaled-1.jpg","contentUrl":"https:\/\/www.domainevaldeceze.fr\/wp-content\/uploads\/2022\/05\/cropped-1151006675256159-scaled-1.jpg","width":2560,"height":1156,"caption":"domaine Val de C\u00e8ze"},"image":{"@id":"https:\/\/www.domainevaldeceze.fr\/#\/schema\/logo\/image\/"}}]}},"_links":{"self":[{"href":"https:\/\/www.domainevaldeceze.fr\/en\/wp-json\/wp\/v2\/pages\/10","targetHints":{"allow":["GET"]}}],"collection":[{"href":"https:\/\/www.domainevaldeceze.fr\/en\/wp-json\/wp\/v2\/pages"}],"about":[{"href":"https:\/\/www.domainevaldeceze.fr\/en\/wp-json\/wp\/v2\/types\/page"}],"author":[{"embeddable":true,"href":"https:\/\/www.domainevaldeceze.fr\/en\/wp-json\/wp\/v2\/users\/1"}],"replies":[{"embeddable":true,"href":"https:\/\/www.domainevaldeceze.fr\/en\/wp-json\/wp\/v2\/comments?post=10"}],"version-history":[{"count":262,"href":"https:\/\/www.domainevaldeceze.fr\/en\/wp-json\/wp\/v2\/pages\/10\/revisions"}],"predecessor-version":[{"id":1667,"href":"https:\/\/www.domainevaldeceze.fr\/en\/wp-json\/wp\/v2\/pages\/10\/revisions\/1667"}],"wp:attachment":[{"href":"https:\/\/www.domainevaldeceze.fr\/en\/wp-json\/wp\/v2\/media?parent=10"}],"curies":[{"name":"wp","href":"https:\/\/api.w.org\/{rel}","templated":true}]}}