{"id":52,"date":"2022-05-06T09:19:09","date_gmt":"2022-05-06T09:19:09","guid":{"rendered":"https:\/\/www.domainevaldeceze.fr\/?page_id=52"},"modified":"2026-04-17T13:48:45","modified_gmt":"2026-04-17T11:48:45","slug":"restaurant","status":"publish","type":"page","link":"https:\/\/www.domainevaldeceze.fr\/en\/restaurant\/","title":{"rendered":"The Restaurant"},"content":{"rendered":"<div data-elementor-type=\"wp-page\" data-elementor-id=\"52\" class=\"elementor elementor-52\">\n\t\t\t\t\t\t<section class=\"elementor-section elementor-top-section elementor-element elementor-element-3e3dd1b elementor-section-boxed elementor-section-height-default elementor-section-height-default\" data-id=\"3e3dd1b\" data-element_type=\"section\" data-e-type=\"section\">\n\t\t\t\t\t\t<div class=\"elementor-container elementor-column-gap-default\">\n\t\t\t\t\t<div class=\"elementor-column elementor-col-50 elementor-top-column elementor-element elementor-element-ed9bf78\" data-id=\"ed9bf78\" data-element_type=\"column\" data-e-type=\"column\">\n\t\t\t<div class=\"elementor-widget-wrap elementor-element-populated\">\n\t\t\t\t\t\t<div class=\"elementor-element elementor-element-9356717 elementor-widget elementor-widget-image\" data-id=\"9356717\" data-element_type=\"widget\" data-e-type=\"widget\" data-widget_type=\"image.default\">\n\t\t\t\t<div class=\"elementor-widget-container\">\n\t\t\t\t\t\t\t\t\t\t\t\t\t\t\t\t<a href=\"https:\/\/www.domainevaldeceze.fr\/en\/nous-contacter\/\">\n\t\t\t\t\t\t\t<img fetchpriority=\"high\" decoding=\"async\" width=\"663\" height=\"1024\" src=\"https:\/\/www.domainevaldeceze.fr\/wp-content\/uploads\/2026\/04\/Menu-semaine-du-20-avril--663x1024.jpg\" class=\"attachment-large size-large wp-image-1860\" alt=\"\" srcset=\"https:\/\/www.domainevaldeceze.fr\/wp-content\/uploads\/2026\/04\/Menu-semaine-du-20-avril--663x1024.jpg 663w, https:\/\/www.domainevaldeceze.fr\/wp-content\/uploads\/2026\/04\/Menu-semaine-du-20-avril--194x300.jpg 194w, https:\/\/www.domainevaldeceze.fr\/wp-content\/uploads\/2026\/04\/Menu-semaine-du-20-avril--768x1187.jpg 768w, https:\/\/www.domainevaldeceze.fr\/wp-content\/uploads\/2026\/04\/Menu-semaine-du-20-avril--994x1536.jpg 994w, https:\/\/www.domainevaldeceze.fr\/wp-content\/uploads\/2026\/04\/Menu-semaine-du-20-avril--8x12.jpg 8w, https:\/\/www.domainevaldeceze.fr\/wp-content\/uploads\/2026\/04\/Menu-semaine-du-20-avril-.jpg 1294w\" sizes=\"(max-width: 663px) 100vw, 663px\" \/>\t\t\t\t\t\t\t\t<\/a>\n\t\t\t\t\t\t\t\t\t\t\t\t\t\t\t<\/div>\n\t\t\t\t<\/div>\n\t\t\t\t\t<\/div>\n\t\t<\/div>\n\t\t\t\t<div class=\"elementor-column elementor-col-50 elementor-top-column elementor-element elementor-element-c29cc93\" data-id=\"c29cc93\" data-element_type=\"column\" data-e-type=\"column\">\n\t\t\t<div class=\"elementor-widget-wrap elementor-element-populated\">\n\t\t\t\t\t\t<div class=\"elementor-element elementor-element-d8a66b2 elementor-widget elementor-widget-image\" data-id=\"d8a66b2\" data-element_type=\"widget\" data-e-type=\"widget\" data-widget_type=\"image.default\">\n\t\t\t\t<div class=\"elementor-widget-container\">\n\t\t\t\t\t\t\t\t\t\t\t\t\t\t\t\t<a href=\"https:\/\/www.domainevaldeceze.fr\/en\/nous-contacter\/\">\n\t\t\t\t\t\t\t<img decoding=\"async\" width=\"994\" height=\"1536\" src=\"https:\/\/www.domainevaldeceze.fr\/wp-content\/uploads\/2026\/04\/CARTE-DU-13-AVRIL--994x1536.jpg\" class=\"attachment-1536x1536 size-1536x1536 wp-image-1855\" alt=\"\" srcset=\"https:\/\/www.domainevaldeceze.fr\/wp-content\/uploads\/2026\/04\/CARTE-DU-13-AVRIL--994x1536.jpg 994w, https:\/\/www.domainevaldeceze.fr\/wp-content\/uploads\/2026\/04\/CARTE-DU-13-AVRIL--194x300.jpg 194w, https:\/\/www.domainevaldeceze.fr\/wp-content\/uploads\/2026\/04\/CARTE-DU-13-AVRIL--663x1024.jpg 663w, https:\/\/www.domainevaldeceze.fr\/wp-content\/uploads\/2026\/04\/CARTE-DU-13-AVRIL--768x1187.jpg 768w, https:\/\/www.domainevaldeceze.fr\/wp-content\/uploads\/2026\/04\/CARTE-DU-13-AVRIL--8x12.jpg 8w, https:\/\/www.domainevaldeceze.fr\/wp-content\/uploads\/2026\/04\/CARTE-DU-13-AVRIL-.jpg 1294w\" sizes=\"(max-width: 994px) 100vw, 994px\" \/>\t\t\t\t\t\t\t\t<\/a>\n\t\t\t\t\t\t\t\t\t\t\t\t\t\t\t<\/div>\n\t\t\t\t<\/div>\n\t\t\t\t\t<\/div>\n\t\t<\/div>\n\t\t\t\t\t<\/div>\n\t\t<\/section>\n\t\t\t\t<section class=\"elementor-section elementor-top-section elementor-element elementor-element-df78bee elementor-section-boxed elementor-section-height-default elementor-section-height-default\" data-id=\"df78bee\" data-element_type=\"section\" data-e-type=\"section\">\n\t\t\t\t\t\t<div class=\"elementor-container elementor-column-gap-default\">\n\t\t\t\t\t<div class=\"elementor-column elementor-col-100 elementor-top-column elementor-element elementor-element-d642ab2\" data-id=\"d642ab2\" data-element_type=\"column\" data-e-type=\"column\">\n\t\t\t<div class=\"elementor-widget-wrap\">\n\t\t\t\t\t\t\t<\/div>\n\t\t<\/div>\n\t\t\t\t\t<\/div>\n\t\t<\/section>\n\t\t\t\t<section class=\"elementor-section elementor-top-section elementor-element elementor-element-b368fe6 elementor-section-boxed elementor-section-height-default elementor-section-height-default\" data-id=\"b368fe6\" data-element_type=\"section\" data-e-type=\"section\">\n\t\t\t\t\t\t<div class=\"elementor-container elementor-column-gap-default\">\n\t\t\t\t\t<div class=\"elementor-column elementor-col-50 elementor-top-column elementor-element elementor-element-91a16aa\" data-id=\"91a16aa\" data-element_type=\"column\" data-e-type=\"column\">\n\t\t\t<div class=\"elementor-widget-wrap elementor-element-populated\">\n\t\t\t\t\t\t<div class=\"elementor-element elementor-element-2c618b0 elementor-widget elementor-widget-image\" data-id=\"2c618b0\" data-element_type=\"widget\" data-e-type=\"widget\" data-widget_type=\"image.default\">\n\t\t\t\t<div class=\"elementor-widget-container\">\n\t\t\t\t\t\t\t\t\t\t\t\t\t\t\t<img decoding=\"async\" width=\"768\" height=\"920\" src=\"https:\/\/www.domainevaldeceze.fr\/wp-content\/uploads\/2026\/03\/burrata-768x920.jpg\" class=\"attachment-medium_large size-medium_large wp-image-1806\" alt=\"\" srcset=\"https:\/\/www.domainevaldeceze.fr\/wp-content\/uploads\/2026\/03\/burrata-768x920.jpg 768w, https:\/\/www.domainevaldeceze.fr\/wp-content\/uploads\/2026\/03\/burrata-251x300.jpg 251w, https:\/\/www.domainevaldeceze.fr\/wp-content\/uploads\/2026\/03\/burrata-855x1024.jpg 855w, https:\/\/www.domainevaldeceze.fr\/wp-content\/uploads\/2026\/03\/burrata-10x12.jpg 10w, https:\/\/www.domainevaldeceze.fr\/wp-content\/uploads\/2026\/03\/burrata.jpg 1206w\" sizes=\"(max-width: 768px) 100vw, 768px\" \/>\t\t\t\t\t\t\t\t\t\t\t\t\t\t\t<\/div>\n\t\t\t\t<\/div>\n\t\t\t\t\t<\/div>\n\t\t<\/div>\n\t\t\t\t<div class=\"elementor-column elementor-col-50 elementor-top-column elementor-element elementor-element-ba01c13\" data-id=\"ba01c13\" data-element_type=\"column\" data-e-type=\"column\">\n\t\t\t<div class=\"elementor-widget-wrap elementor-element-populated\">\n\t\t\t\t\t\t<div class=\"elementor-element elementor-element-7d27358 elementor-widget elementor-widget-image\" data-id=\"7d27358\" data-element_type=\"widget\" data-e-type=\"widget\" data-widget_type=\"image.default\">\n\t\t\t\t<div class=\"elementor-widget-container\">\n\t\t\t\t\t\t\t\t\t\t\t\t\t\t\t<img loading=\"lazy\" decoding=\"async\" width=\"818\" height=\"1024\" src=\"https:\/\/www.domainevaldeceze.fr\/wp-content\/uploads\/2026\/03\/salle-restau-818x1024.jpg\" class=\"attachment-large size-large wp-image-1805\" alt=\"\" srcset=\"https:\/\/www.domainevaldeceze.fr\/wp-content\/uploads\/2026\/03\/salle-restau-818x1024.jpg 818w, https:\/\/www.domainevaldeceze.fr\/wp-content\/uploads\/2026\/03\/salle-restau-240x300.jpg 240w, https:\/\/www.domainevaldeceze.fr\/wp-content\/uploads\/2026\/03\/salle-restau-768x961.jpg 768w, https:\/\/www.domainevaldeceze.fr\/wp-content\/uploads\/2026\/03\/salle-restau-10x12.jpg 10w, https:\/\/www.domainevaldeceze.fr\/wp-content\/uploads\/2026\/03\/salle-restau.jpg 1206w\" sizes=\"(max-width: 818px) 100vw, 818px\" \/>\t\t\t\t\t\t\t\t\t\t\t\t\t\t\t<\/div>\n\t\t\t\t<\/div>\n\t\t\t\t\t<\/div>\n\t\t<\/div>\n\t\t\t\t\t<\/div>\n\t\t<\/section>\n\t\t\t\t<section class=\"elementor-section elementor-top-section elementor-element elementor-element-02c98e9 elementor-section-boxed elementor-section-height-default elementor-section-height-default\" data-id=\"02c98e9\" data-element_type=\"section\" data-e-type=\"section\">\n\t\t\t\t\t\t<div class=\"elementor-container elementor-column-gap-default\">\n\t\t\t\t\t<div class=\"elementor-column elementor-col-100 elementor-top-column elementor-element elementor-element-dac8671\" data-id=\"dac8671\" data-element_type=\"column\" data-e-type=\"column\">\n\t\t\t<div class=\"elementor-widget-wrap elementor-element-populated\">\n\t\t\t\t\t\t<div class=\"elementor-element elementor-element-6bfa815 elementor-widget elementor-widget-text-editor\" data-id=\"6bfa815\" data-element_type=\"widget\" data-e-type=\"widget\" data-widget_type=\"text-editor.default\">\n\t\t\t\t<div class=\"elementor-widget-container\">\n\t\t\t\t\t\t\t\t\t<h3 data-start=\"118\" data-end=\"149\">\ud83c\udf74 The Domain's Restaurant<\/h3><p data-start=\"151\" data-end=\"410\">In a warm, friendly and elegant atmosphere, our restaurant welcomes you this summer from Tuesday to Friday, noon and evening, to make you discover the refined, generous and creative cuisine <strong data-start=\"238\" data-end=\"284\">.<\/strong>. <strong data-start=\"315\" data-end=\"358\">.<\/strong> of our chef, inspired by the flavors of the terroir.<\/p><p data-start=\"412\" data-end=\"555\">Let yourself be seduced by a menu that changes with the seasons, highlighting fresh, local and carefully selected products.<\/p><p data-start=\"557\" data-end=\"808\">Enjoy a sunny lunch on our pleasant terrace in the heart of the wooded park, or a peaceful dinner in our air-conditioned dining room, with a neat and intimate setting, ideal for sharing a gourmet moment with friends, family or couple. <strong data-start=\"601\" data-end=\"645\">.<\/strong>. <strong data-start=\"675\" data-end=\"701\">.<\/strong>!<\/p><p><strong data-start=\"566\" data-end=\"595\">\ud83d\udcc5 Opening hours:<\/strong><br data-start=\"595\" data-end=\"598\" \/>\u2600\ufe0f <em data-start=\"601\" data-end=\"609\">\u2600\ufe0f In summer: from Tuesday to Friday, noon and evening<\/em> ! <strong data-start=\"615\" data-end=\"636\">!<\/strong>, <strong data-start=\"638\" data-end=\"654\">.<\/strong><br data-start=\"654\" data-end=\"657\" \/>\u2744\ufe0f <em data-start=\"660\" data-end=\"670\">\u2744\ufe0f In winter: from Monday to Friday, noon and evening<\/em> ! <strong data-start=\"676\" data-end=\"697\">.<\/strong>, <strong data-start=\"699\" data-end=\"715\">.<\/strong><\/p>\t\t\t\t\t\t\t\t<\/div>\n\t\t\t\t<\/div>\n\t\t\t\t\t<\/div>\n\t\t<\/div>\n\t\t\t\t\t<\/div>\n\t\t<\/section>\n\t\t\t\t<section class=\"elementor-section elementor-top-section elementor-element elementor-element-929bfca elementor-section-boxed elementor-section-height-default elementor-section-height-default\" data-id=\"929bfca\" data-element_type=\"section\" data-e-type=\"section\">\n\t\t\t\t\t\t<div class=\"elementor-container elementor-column-gap-default\">\n\t\t\t\t\t<div class=\"elementor-column elementor-col-100 elementor-top-column elementor-element elementor-element-3831531\" data-id=\"3831531\" data-element_type=\"column\" data-e-type=\"column\">\n\t\t\t<div class=\"elementor-widget-wrap elementor-element-populated\">\n\t\t\t\t\t\t<div class=\"elementor-element elementor-element-89a12bd elementor-widget elementor-widget-button\" data-id=\"89a12bd\" data-element_type=\"widget\" data-e-type=\"widget\" data-widget_type=\"button.default\">\n\t\t\t\t<div class=\"elementor-widget-container\">\n\t\t\t\t\t\t\t\t\t<div class=\"elementor-button-wrapper\">\n\t\t\t\t\t<a class=\"elementor-button elementor-button-link elementor-size-sm\" href=\"\">\n\t\t\t\t\t\t<span class=\"elementor-button-content-wrapper\">\n\t\t\t\t\t\t<span class=\"elementor-button-icon\">\n\t\t\t\t<i aria-hidden=\"true\" class=\"far fa-star\"><\/i>\t\t\t<\/span>\n\t\t\t\t\t\t\t\t\t<span class=\"elementor-button-text\">See our reviews<\/span>\n\t\t\t\t\t<\/span>\n\t\t\t\t\t<\/a>\n\t\t\t\t<\/div>\n\t\t\t\t\t\t\t\t<\/div>\n\t\t\t\t<\/div>\n\t\t\t\t\t<\/div>\n\t\t<\/div>\n\t\t\t\t\t<\/div>\n\t\t<\/section>\n\t\t\t\t<section class=\"elementor-section elementor-top-section elementor-element elementor-element-8385dfa elementor-section-boxed elementor-section-height-default elementor-section-height-default\" data-id=\"8385dfa\" data-element_type=\"section\" data-e-type=\"section\">\n\t\t\t\t\t\t<div class=\"elementor-container elementor-column-gap-default\">\n\t\t\t\t\t<div class=\"elementor-column elementor-col-100 elementor-top-column elementor-element elementor-element-633cfcb\" data-id=\"633cfcb\" data-element_type=\"column\" data-e-type=\"column\">\n\t\t\t<div class=\"elementor-widget-wrap elementor-element-populated\">\n\t\t\t\t\t\t<div class=\"elementor-element elementor-element-8b8d61f elementor-widget elementor-widget-spacer\" data-id=\"8b8d61f\" data-element_type=\"widget\" data-e-type=\"widget\" data-widget_type=\"spacer.default\">\n\t\t\t\t<div class=\"elementor-widget-container\">\n\t\t\t\t\t\t\t<div class=\"elementor-spacer\">\n\t\t\t<div class=\"elementor-spacer-inner\"><\/div>\n\t\t<\/div>\n\t\t\t\t\t\t<\/div>\n\t\t\t\t<\/div>\n\t\t\t\t<div class=\"elementor-element elementor-element-ebdafcb elementor-widget elementor-widget-image\" data-id=\"ebdafcb\" data-element_type=\"widget\" data-e-type=\"widget\" data-widget_type=\"image.default\">\n\t\t\t\t<div class=\"elementor-widget-container\">\n\t\t\t\t\t\t\t\t\t\t\t\t\t\t\t<img loading=\"lazy\" decoding=\"async\" width=\"800\" height=\"90\" src=\"https:\/\/www.domainevaldeceze.fr\/wp-content\/uploads\/2022\/05\/Sans-titre6.png\" class=\"attachment-large size-large wp-image-190\" alt=\"\" srcset=\"https:\/\/www.domainevaldeceze.fr\/wp-content\/uploads\/2022\/05\/Sans-titre6.png 800w, https:\/\/www.domainevaldeceze.fr\/wp-content\/uploads\/2022\/05\/Sans-titre6-300x34.png 300w, https:\/\/www.domainevaldeceze.fr\/wp-content\/uploads\/2022\/05\/Sans-titre6-768x86.png 768w\" sizes=\"(max-width: 800px) 100vw, 800px\" \/>\t\t\t\t\t\t\t\t\t\t\t\t\t\t\t<\/div>\n\t\t\t\t<\/div>\n\t\t\t\t<div class=\"elementor-element elementor-element-7deadb7 elementor-widget elementor-widget-spacer\" data-id=\"7deadb7\" data-element_type=\"widget\" data-e-type=\"widget\" data-widget_type=\"spacer.default\">\n\t\t\t\t<div class=\"elementor-widget-container\">\n\t\t\t\t\t\t\t<div class=\"elementor-spacer\">\n\t\t\t<div class=\"elementor-spacer-inner\"><\/div>\n\t\t<\/div>\n\t\t\t\t\t\t<\/div>\n\t\t\t\t<\/div>\n\t\t\t\t\t<\/div>\n\t\t<\/div>\n\t\t\t\t\t<\/div>\n\t\t<\/section>\n\t\t\t\t<\/div>","protected":false},"excerpt":{"rendered":"<p>\ud83c\udf74 Le Restaurant du Domaine Dans une ambiance chaleureuse, conviviale et \u00e9l\u00e9gante, notre restaurant vous accueille cet \u00e9t\u00e9 du mardi au vendredi, midi et soir, pour vous faire d\u00e9couvrir la cuisine raffin\u00e9e, g\u00e9n\u00e9reuse et cr\u00e9ative de notre chef, inspir\u00e9e par les saveurs du terroir. Laissez-vous s\u00e9duire par une carte renouvel\u00e9e au fil des saisons, mettant [&hellip;]<\/p>","protected":false},"author":1,"featured_media":0,"parent":0,"menu_order":0,"comment_status":"closed","ping_status":"closed","template":"","meta":{"footnotes":""},"class_list":["post-52","page","type-page","status-publish","hentry","entry"],"yoast_head":"<!-- This site is optimized with the Yoast SEO plugin v27.4 - https:\/\/yoast.com\/product\/yoast-seo-wordpress\/ -->\n<title>brasserie le 16 - Restaurants Bagnols-sur-C\u00e8ze<\/title>\n<meta name=\"description\" content=\"Aux fourneaux du Restaurant, notre chef vous invite \u00e0 la d\u00e9couverte d\u2019une cuisine d\u2019un retour de march\u00e9 dans le respect de la tradition, bas\u00e9e sur des produits frais du march\u00e9, et ceux au fil des saisons.\" \/>\n<meta name=\"robots\" content=\"index, follow, max-snippet:-1, max-image-preview:large, max-video-preview:-1\" \/>\n<link rel=\"canonical\" href=\"https:\/\/www.domainevaldeceze.fr\/en\/restaurant\/\" \/>\n<meta property=\"og:locale\" content=\"en_GB\" \/>\n<meta property=\"og:type\" content=\"article\" \/>\n<meta property=\"og:title\" content=\"brasserie le 16 - Restaurants Bagnols-sur-C\u00e8ze\" \/>\n<meta property=\"og:description\" content=\"Aux fourneaux du Restaurant, notre chef vous invite \u00e0 la d\u00e9couverte d\u2019une cuisine d\u2019un retour de march\u00e9 dans le respect de la tradition, bas\u00e9e sur des produits frais du march\u00e9, et ceux au fil des saisons.\" \/>\n<meta property=\"og:url\" content=\"https:\/\/www.domainevaldeceze.fr\/en\/restaurant\/\" \/>\n<meta property=\"og:site_name\" content=\"domaine Val de C\u00e8ze\" \/>\n<meta property=\"article:modified_time\" content=\"2026-04-17T11:48:45+00:00\" \/>\n<meta property=\"og:image\" content=\"https:\/\/www.domainevaldeceze.fr\/wp-content\/uploads\/2026\/04\/Menu-semaine-du-20-avril--663x1024.jpg\" \/>\n<meta name=\"twitter:card\" content=\"summary_large_image\" \/>\n<meta name=\"twitter:label1\" content=\"Estimated reading time\" \/>\n\t<meta name=\"twitter:data1\" content=\"2 minutes\" \/>\n<script type=\"application\/ld+json\" class=\"yoast-schema-graph\">{\"@context\":\"https:\\\/\\\/schema.org\",\"@graph\":[{\"@type\":\"WebPage\",\"@id\":\"https:\\\/\\\/www.domainevaldeceze.fr\\\/restaurant\\\/\",\"url\":\"https:\\\/\\\/www.domainevaldeceze.fr\\\/restaurant\\\/\",\"name\":\"brasserie le 16 - Restaurants Bagnols-sur-C\u00e8ze\",\"isPartOf\":{\"@id\":\"https:\\\/\\\/www.domainevaldeceze.fr\\\/#website\"},\"primaryImageOfPage\":{\"@id\":\"https:\\\/\\\/www.domainevaldeceze.fr\\\/restaurant\\\/#primaryimage\"},\"image\":{\"@id\":\"https:\\\/\\\/www.domainevaldeceze.fr\\\/restaurant\\\/#primaryimage\"},\"thumbnailUrl\":\"https:\\\/\\\/www.domainevaldeceze.fr\\\/wp-content\\\/uploads\\\/2026\\\/04\\\/Menu-semaine-du-20-avril--663x1024.jpg\",\"datePublished\":\"2022-05-06T09:19:09+00:00\",\"dateModified\":\"2026-04-17T11:48:45+00:00\",\"description\":\"Aux fourneaux du Restaurant, notre chef vous invite \u00e0 la d\u00e9couverte d\u2019une cuisine d\u2019un retour de march\u00e9 dans le respect de la tradition, bas\u00e9e sur des produits frais du march\u00e9, et ceux au fil des saisons.\",\"breadcrumb\":{\"@id\":\"https:\\\/\\\/www.domainevaldeceze.fr\\\/restaurant\\\/#breadcrumb\"},\"inLanguage\":\"en-GB\",\"potentialAction\":[{\"@type\":\"ReadAction\",\"target\":[\"https:\\\/\\\/www.domainevaldeceze.fr\\\/restaurant\\\/\"]}]},{\"@type\":\"ImageObject\",\"inLanguage\":\"en-GB\",\"@id\":\"https:\\\/\\\/www.domainevaldeceze.fr\\\/restaurant\\\/#primaryimage\",\"url\":\"https:\\\/\\\/www.domainevaldeceze.fr\\\/wp-content\\\/uploads\\\/2026\\\/04\\\/Menu-semaine-du-20-avril--663x1024.jpg\",\"contentUrl\":\"https:\\\/\\\/www.domainevaldeceze.fr\\\/wp-content\\\/uploads\\\/2026\\\/04\\\/Menu-semaine-du-20-avril--663x1024.jpg\"},{\"@type\":\"BreadcrumbList\",\"@id\":\"https:\\\/\\\/www.domainevaldeceze.fr\\\/restaurant\\\/#breadcrumb\",\"itemListElement\":[{\"@type\":\"ListItem\",\"position\":1,\"name\":\"Home\",\"item\":\"https:\\\/\\\/www.domainevaldeceze.fr\\\/\"},{\"@type\":\"ListItem\",\"position\":2,\"name\":\"Le restaurant\"}]},{\"@type\":\"WebSite\",\"@id\":\"https:\\\/\\\/www.domainevaldeceze.fr\\\/#website\",\"url\":\"https:\\\/\\\/www.domainevaldeceze.fr\\\/\",\"name\":\"domaine Val de C\u00e8ze\",\"description\":\"Le domaine  Val de C\u00e8ze est un h\u00f4tel (3 \u00e9toiles), un restaurant gastronomique et un lieu de r\u00e9ception pour tous types d&#039;\u00e9v\u00e9nements publics ou priv\u00e9s !\",\"publisher\":{\"@id\":\"https:\\\/\\\/www.domainevaldeceze.fr\\\/#organization\"},\"potentialAction\":[{\"@type\":\"SearchAction\",\"target\":{\"@type\":\"EntryPoint\",\"urlTemplate\":\"https:\\\/\\\/www.domainevaldeceze.fr\\\/?s={search_term_string}\"},\"query-input\":{\"@type\":\"PropertyValueSpecification\",\"valueRequired\":true,\"valueName\":\"search_term_string\"}}],\"inLanguage\":\"en-GB\"},{\"@type\":\"Organization\",\"@id\":\"https:\\\/\\\/www.domainevaldeceze.fr\\\/#organization\",\"name\":\"domaine Val de C\u00e8ze\",\"url\":\"https:\\\/\\\/www.domainevaldeceze.fr\\\/\",\"logo\":{\"@type\":\"ImageObject\",\"inLanguage\":\"en-GB\",\"@id\":\"https:\\\/\\\/www.domainevaldeceze.fr\\\/#\\\/schema\\\/logo\\\/image\\\/\",\"url\":\"https:\\\/\\\/www.domainevaldeceze.fr\\\/wp-content\\\/uploads\\\/2022\\\/05\\\/cropped-1151006675256159-scaled-1.jpg\",\"contentUrl\":\"https:\\\/\\\/www.domainevaldeceze.fr\\\/wp-content\\\/uploads\\\/2022\\\/05\\\/cropped-1151006675256159-scaled-1.jpg\",\"width\":2560,\"height\":1156,\"caption\":\"domaine Val de C\u00e8ze\"},\"image\":{\"@id\":\"https:\\\/\\\/www.domainevaldeceze.fr\\\/#\\\/schema\\\/logo\\\/image\\\/\"}}]}<\/script>\n<!-- \/ Yoast SEO plugin. -->","yoast_head_json":{"title":"brasserie le 16 - Restaurants Bagnols-sur-C\u00e8ze","description":"Aux fourneaux du Restaurant, notre chef vous invite \u00e0 la d\u00e9couverte d\u2019une cuisine d\u2019un retour de march\u00e9 dans le respect de la tradition, bas\u00e9e sur des produits frais du march\u00e9, et ceux au fil des saisons.","robots":{"index":"index","follow":"follow","max-snippet":"max-snippet:-1","max-image-preview":"max-image-preview:large","max-video-preview":"max-video-preview:-1"},"canonical":"https:\/\/www.domainevaldeceze.fr\/en\/restaurant\/","og_locale":"en_GB","og_type":"article","og_title":"brasserie le 16 - Restaurants Bagnols-sur-C\u00e8ze","og_description":"Aux fourneaux du Restaurant, notre chef vous invite \u00e0 la d\u00e9couverte d\u2019une cuisine d\u2019un retour de march\u00e9 dans le respect de la tradition, bas\u00e9e sur des produits frais du march\u00e9, et ceux au fil des saisons.","og_url":"https:\/\/www.domainevaldeceze.fr\/en\/restaurant\/","og_site_name":"domaine Val de C\u00e8ze","article_modified_time":"2026-04-17T11:48:45+00:00","og_image":[{"url":"https:\/\/www.domainevaldeceze.fr\/wp-content\/uploads\/2026\/04\/Menu-semaine-du-20-avril--663x1024.jpg","type":"","width":"","height":""}],"twitter_card":"summary_large_image","twitter_misc":{"Estimated reading time":"2 minutes"},"schema":{"@context":"https:\/\/schema.org","@graph":[{"@type":"WebPage","@id":"https:\/\/www.domainevaldeceze.fr\/restaurant\/","url":"https:\/\/www.domainevaldeceze.fr\/restaurant\/","name":"brasserie le 16 - Restaurants Bagnols-sur-C\u00e8ze","isPartOf":{"@id":"https:\/\/www.domainevaldeceze.fr\/#website"},"primaryImageOfPage":{"@id":"https:\/\/www.domainevaldeceze.fr\/restaurant\/#primaryimage"},"image":{"@id":"https:\/\/www.domainevaldeceze.fr\/restaurant\/#primaryimage"},"thumbnailUrl":"https:\/\/www.domainevaldeceze.fr\/wp-content\/uploads\/2026\/04\/Menu-semaine-du-20-avril--663x1024.jpg","datePublished":"2022-05-06T09:19:09+00:00","dateModified":"2026-04-17T11:48:45+00:00","description":"Aux fourneaux du Restaurant, notre chef vous invite \u00e0 la d\u00e9couverte d\u2019une cuisine d\u2019un retour de march\u00e9 dans le respect de la tradition, bas\u00e9e sur des produits frais du march\u00e9, et ceux au fil des saisons.","breadcrumb":{"@id":"https:\/\/www.domainevaldeceze.fr\/restaurant\/#breadcrumb"},"inLanguage":"en-GB","potentialAction":[{"@type":"ReadAction","target":["https:\/\/www.domainevaldeceze.fr\/restaurant\/"]}]},{"@type":"ImageObject","inLanguage":"en-GB","@id":"https:\/\/www.domainevaldeceze.fr\/restaurant\/#primaryimage","url":"https:\/\/www.domainevaldeceze.fr\/wp-content\/uploads\/2026\/04\/Menu-semaine-du-20-avril--663x1024.jpg","contentUrl":"https:\/\/www.domainevaldeceze.fr\/wp-content\/uploads\/2026\/04\/Menu-semaine-du-20-avril--663x1024.jpg"},{"@type":"BreadcrumbList","@id":"https:\/\/www.domainevaldeceze.fr\/restaurant\/#breadcrumb","itemListElement":[{"@type":"ListItem","position":1,"name":"Home","item":"https:\/\/www.domainevaldeceze.fr\/"},{"@type":"ListItem","position":2,"name":"Le restaurant"}]},{"@type":"WebSite","@id":"https:\/\/www.domainevaldeceze.fr\/#website","url":"https:\/\/www.domainevaldeceze.fr\/","name":"domaine Val de C\u00e8ze","description":"Le domaine  Val de C\u00e8ze est un h\u00f4tel (3 \u00e9toiles), un restaurant gastronomique et un lieu de r\u00e9ception pour tous types d&#039;\u00e9v\u00e9nements publics ou priv\u00e9s !","publisher":{"@id":"https:\/\/www.domainevaldeceze.fr\/#organization"},"potentialAction":[{"@type":"SearchAction","target":{"@type":"EntryPoint","urlTemplate":"https:\/\/www.domainevaldeceze.fr\/?s={search_term_string}"},"query-input":{"@type":"PropertyValueSpecification","valueRequired":true,"valueName":"search_term_string"}}],"inLanguage":"en-GB"},{"@type":"Organization","@id":"https:\/\/www.domainevaldeceze.fr\/#organization","name":"domaine Val de C\u00e8ze","url":"https:\/\/www.domainevaldeceze.fr\/","logo":{"@type":"ImageObject","inLanguage":"en-GB","@id":"https:\/\/www.domainevaldeceze.fr\/#\/schema\/logo\/image\/","url":"https:\/\/www.domainevaldeceze.fr\/wp-content\/uploads\/2022\/05\/cropped-1151006675256159-scaled-1.jpg","contentUrl":"https:\/\/www.domainevaldeceze.fr\/wp-content\/uploads\/2022\/05\/cropped-1151006675256159-scaled-1.jpg","width":2560,"height":1156,"caption":"domaine Val de C\u00e8ze"},"image":{"@id":"https:\/\/www.domainevaldeceze.fr\/#\/schema\/logo\/image\/"}}]}},"_links":{"self":[{"href":"https:\/\/www.domainevaldeceze.fr\/en\/wp-json\/wp\/v2\/pages\/52","targetHints":{"allow":["GET"]}}],"collection":[{"href":"https:\/\/www.domainevaldeceze.fr\/en\/wp-json\/wp\/v2\/pages"}],"about":[{"href":"https:\/\/www.domainevaldeceze.fr\/en\/wp-json\/wp\/v2\/types\/page"}],"author":[{"embeddable":true,"href":"https:\/\/www.domainevaldeceze.fr\/en\/wp-json\/wp\/v2\/users\/1"}],"replies":[{"embeddable":true,"href":"https:\/\/www.domainevaldeceze.fr\/en\/wp-json\/wp\/v2\/comments?post=52"}],"version-history":[{"count":319,"href":"https:\/\/www.domainevaldeceze.fr\/en\/wp-json\/wp\/v2\/pages\/52\/revisions"}],"predecessor-version":[{"id":1864,"href":"https:\/\/www.domainevaldeceze.fr\/en\/wp-json\/wp\/v2\/pages\/52\/revisions\/1864"}],"wp:attachment":[{"href":"https:\/\/www.domainevaldeceze.fr\/en\/wp-json\/wp\/v2\/media?parent=52"}],"curies":[{"name":"wp","href":"https:\/\/api.w.org\/{rel}","templated":true}]}}