{"id":56,"date":"2022-05-06T09:19:53","date_gmt":"2022-05-06T09:19:53","guid":{"rendered":"https:\/\/www.domainevaldeceze.fr\/?page_id=56"},"modified":"2025-08-06T10:40:10","modified_gmt":"2025-08-06T08:40:10","slug":"seminaires","status":"publish","type":"page","link":"https:\/\/www.domainevaldeceze.fr\/en\/seminaires\/","title":{"rendered":"Meetings"},"content":{"rendered":"<div data-elementor-type=\"wp-page\" data-elementor-id=\"56\" class=\"elementor elementor-56\">\n\t\t\t\t\t\t<section class=\"elementor-section elementor-top-section elementor-element elementor-element-f97c286 elementor-section-height-min-height elementor-section-stretched elementor-section-boxed elementor-section-height-default elementor-section-items-middle\" data-id=\"f97c286\" data-element_type=\"section\" data-e-type=\"section\" data-settings=\"{&quot;stretch_section&quot;:&quot;section-stretched&quot;}\">\n\t\t\t\t\t\t<div class=\"elementor-container elementor-column-gap-no\">\n\t\t\t\t\t<main class=\"elementor-column elementor-col-100 elementor-top-column elementor-element elementor-element-3076ae8\" data-id=\"3076ae8\" data-element_type=\"column\" data-e-type=\"column\">\n\t\t\t<div class=\"elementor-widget-wrap elementor-element-populated\">\n\t\t\t\t\t\t<div class=\"elementor-element elementor-element-6662b38 elementor-widget elementor-widget-image\" data-id=\"6662b38\" data-element_type=\"widget\" data-e-type=\"widget\" data-widget_type=\"image.default\">\n\t\t\t\t<div class=\"elementor-widget-container\">\n\t\t\t\t\t\t\t\t\t\t\t\t\t\t\t<img fetchpriority=\"high\" decoding=\"async\" width=\"1826\" height=\"1544\" src=\"https:\/\/www.domainevaldeceze.fr\/wp-content\/uploads\/2022\/05\/Capture-de\u0301cran-2022-04-20-a\u0300-16.41.35.png\" class=\"attachment-full size-full wp-image-136\" alt=\"\" srcset=\"https:\/\/www.domainevaldeceze.fr\/wp-content\/uploads\/2022\/05\/Capture-de\u0301cran-2022-04-20-a\u0300-16.41.35.png 1826w, https:\/\/www.domainevaldeceze.fr\/wp-content\/uploads\/2022\/05\/Capture-de\u0301cran-2022-04-20-a\u0300-16.41.35-300x254.png 300w, https:\/\/www.domainevaldeceze.fr\/wp-content\/uploads\/2022\/05\/Capture-de\u0301cran-2022-04-20-a\u0300-16.41.35-1024x866.png 1024w, https:\/\/www.domainevaldeceze.fr\/wp-content\/uploads\/2022\/05\/Capture-de\u0301cran-2022-04-20-a\u0300-16.41.35-768x649.png 768w, https:\/\/www.domainevaldeceze.fr\/wp-content\/uploads\/2022\/05\/Capture-de\u0301cran-2022-04-20-a\u0300-16.41.35-1536x1299.png 1536w\" sizes=\"(max-width: 1826px) 100vw, 1826px\" \/>\t\t\t\t\t\t\t\t\t\t\t\t\t\t\t<\/div>\n\t\t\t\t<\/div>\n\t\t\t\t\t<\/div>\n\t\t<\/main>\n\t\t\t\t\t<\/div>\n\t\t<\/section>\n\t\t\t\t<section class=\"elementor-section elementor-top-section elementor-element elementor-element-7c52ac5 elementor-section-boxed elementor-section-height-default elementor-section-height-default\" data-id=\"7c52ac5\" data-element_type=\"section\" data-e-type=\"section\">\n\t\t\t\t\t\t<div class=\"elementor-container elementor-column-gap-default\">\n\t\t\t\t\t<div class=\"elementor-column elementor-col-100 elementor-top-column elementor-element elementor-element-51444b0\" data-id=\"51444b0\" data-element_type=\"column\" data-e-type=\"column\">\n\t\t\t<div class=\"elementor-widget-wrap elementor-element-populated\">\n\t\t\t\t\t\t<div class=\"elementor-element elementor-element-3bcba61 elementor-widget elementor-widget-spacer\" data-id=\"3bcba61\" data-element_type=\"widget\" data-e-type=\"widget\" data-widget_type=\"spacer.default\">\n\t\t\t\t<div class=\"elementor-widget-container\">\n\t\t\t\t\t\t\t<div class=\"elementor-spacer\">\n\t\t\t<div class=\"elementor-spacer-inner\"><\/div>\n\t\t<\/div>\n\t\t\t\t\t\t<\/div>\n\t\t\t\t<\/div>\n\t\t\t\t<div class=\"elementor-element elementor-element-ff82f14 elementor-widget elementor-widget-heading\" data-id=\"ff82f14\" data-element_type=\"widget\" data-e-type=\"widget\" data-widget_type=\"heading.default\">\n\t\t\t\t<div class=\"elementor-widget-container\">\n\t\t\t\t\t<h2 class=\"elementor-heading-title elementor-size-xxl\">SEMINARS<\/h2>\t\t\t\t<\/div>\n\t\t\t\t<\/div>\n\t\t\t\t\t<\/div>\n\t\t<\/div>\n\t\t\t\t\t<\/div>\n\t\t<\/section>\n\t\t\t\t<section class=\"elementor-section elementor-top-section elementor-element elementor-element-ef4d618 elementor-section-boxed elementor-section-height-default elementor-section-height-default\" data-id=\"ef4d618\" data-element_type=\"section\" data-e-type=\"section\" data-settings=\"{&quot;background_background&quot;:&quot;classic&quot;}\">\n\t\t\t\t\t\t<div class=\"elementor-container elementor-column-gap-default\">\n\t\t\t\t\t<div class=\"elementor-column elementor-col-100 elementor-top-column elementor-element elementor-element-e5e86cb\" data-id=\"e5e86cb\" data-element_type=\"column\" data-e-type=\"column\">\n\t\t\t<div class=\"elementor-widget-wrap elementor-element-populated\">\n\t\t\t\t\t\t<div class=\"elementor-element elementor-element-461d482 elementor-widget elementor-widget-spacer\" data-id=\"461d482\" data-element_type=\"widget\" data-e-type=\"widget\" data-widget_type=\"spacer.default\">\n\t\t\t\t<div class=\"elementor-widget-container\">\n\t\t\t\t\t\t\t<div class=\"elementor-spacer\">\n\t\t\t<div class=\"elementor-spacer-inner\"><\/div>\n\t\t<\/div>\n\t\t\t\t\t\t<\/div>\n\t\t\t\t<\/div>\n\t\t\t\t<div class=\"elementor-element elementor-element-147e567 elementor-widget elementor-widget-text-editor\" data-id=\"147e567\" data-element_type=\"widget\" data-e-type=\"widget\" data-settings=\"{&quot;_animation&quot;:&quot;none&quot;}\" data-widget_type=\"text-editor.default\">\n\t\t\t\t<div class=\"elementor-widget-container\">\n\t\t\t\t\t\t\t\t\t<p data-start=\"244\" data-end=\"603\">Organize your <strong data-start=\"258\" data-end=\"287\">professionals meetings<\/strong> in a unique setting, within concentration and exchange.<br data-start=\"352\" data-end=\"355\" \/>Either for <strong data-start=\"373\" data-end=\"393\">study days,<\/strong>, de <strong data-start=\"398\" data-end=\"425\">residential seminars,<\/strong>, de <strong data-start=\"430\" data-end=\"459\">Product presentations<\/strong> or other events, the <strong data-start=\"487\" data-end=\"510\">Val de C\u00e8ze Castle<\/strong> welcomes you in ideal conditions to ensure the success of your event.<\/p><h1 data-start=\"610\" data-end=\"664\"><span style=\"text-decoration: underline;\"><strong>An environment designed for professionals :<\/strong><\/span><\/h1><ul data-start=\"666\" data-end=\"983\"><li data-start=\"666\" data-end=\"725\"><p data-start=\"668\" data-end=\"725\"><strong data-start=\"668\" data-end=\"691\">An exceptional place<\/strong>combining charm and authenticity<\/p><\/li><li data-start=\"726\" data-end=\"818\"><p data-start=\"728\" data-end=\"818\">La <strong data-start=\"731\" data-end=\"758\">The serenity of the countryside<\/strong>in the immediate vicinity of the main roads and the city center<\/p><\/li><li data-start=\"819\" data-end=\"887\"><p data-start=\"821\" data-end=\"887\" class=\"translation-block\">Adjustable and comfortable spaces adapted to your needs<\/p><\/li><li data-start=\"888\" data-end=\"983\"><p data-start=\"890\" data-end=\"983\" class=\"translation-block\">A professional, dynamic and comprehensive team here to help for each step of your seminar.<\/p><\/li><\/ul>\t\t\t\t\t\t\t\t<\/div>\n\t\t\t\t<\/div>\n\t\t\t\t<div class=\"elementor-element elementor-element-e66e37f elementor-widget elementor-widget-spacer\" data-id=\"e66e37f\" data-element_type=\"widget\" data-e-type=\"widget\" data-widget_type=\"spacer.default\">\n\t\t\t\t<div class=\"elementor-widget-container\">\n\t\t\t\t\t\t\t<div class=\"elementor-spacer\">\n\t\t\t<div class=\"elementor-spacer-inner\"><\/div>\n\t\t<\/div>\n\t\t\t\t\t\t<\/div>\n\t\t\t\t<\/div>\n\t\t\t\t\t<\/div>\n\t\t<\/div>\n\t\t\t\t\t<\/div>\n\t\t<\/section>\n\t\t\t\t<section class=\"elementor-section elementor-top-section elementor-element elementor-element-5b1c46c elementor-section-full_width elementor-section-height-default elementor-section-height-default\" data-id=\"5b1c46c\" data-element_type=\"section\" data-e-type=\"section\">\n\t\t\t\t\t\t<div class=\"elementor-container elementor-column-gap-default\">\n\t\t\t\t\t<div class=\"elementor-column elementor-col-100 elementor-top-column elementor-element elementor-element-cc646df\" data-id=\"cc646df\" data-element_type=\"column\" data-e-type=\"column\">\n\t\t\t<div class=\"elementor-widget-wrap elementor-element-populated\">\n\t\t\t\t\t\t<div class=\"elementor-element elementor-element-6a3fefc elementor-align-center elementor-widget elementor-widget-button\" data-id=\"6a3fefc\" data-element_type=\"widget\" data-e-type=\"widget\" data-widget_type=\"button.default\">\n\t\t\t\t<div class=\"elementor-widget-container\">\n\t\t\t\t\t\t\t\t\t<div class=\"elementor-button-wrapper\">\n\t\t\t\t\t<a class=\"elementor-button elementor-button-link elementor-size-xs\" href=\"https:\/\/www.domainevaldeceze.fr\/en\/nous-contacter\/\">\n\t\t\t\t\t\t<span class=\"elementor-button-content-wrapper\">\n\t\t\t\t\t\t\t\t\t<span class=\"elementor-button-text\">Contact Us !<\/span>\n\t\t\t\t\t<\/span>\n\t\t\t\t\t<\/a>\n\t\t\t\t<\/div>\n\t\t\t\t\t\t\t\t<\/div>\n\t\t\t\t<\/div>\n\t\t\t\t<div class=\"elementor-element elementor-element-bfe5bf0 elementor-widget elementor-widget-spacer\" data-id=\"bfe5bf0\" data-element_type=\"widget\" data-e-type=\"widget\" data-widget_type=\"spacer.default\">\n\t\t\t\t<div class=\"elementor-widget-container\">\n\t\t\t\t\t\t\t<div class=\"elementor-spacer\">\n\t\t\t<div class=\"elementor-spacer-inner\"><\/div>\n\t\t<\/div>\n\t\t\t\t\t\t<\/div>\n\t\t\t\t<\/div>\n\t\t\t\t\t<\/div>\n\t\t<\/div>\n\t\t\t\t\t<\/div>\n\t\t<\/section>\n\t\t\t\t<section class=\"elementor-section elementor-top-section elementor-element elementor-element-7721c7d elementor-section-boxed elementor-section-height-default elementor-section-height-default\" data-id=\"7721c7d\" data-element_type=\"section\" data-e-type=\"section\">\n\t\t\t\t\t\t<div class=\"elementor-container elementor-column-gap-default\">\n\t\t\t\t\t<div class=\"elementor-column elementor-col-100 elementor-top-column elementor-element elementor-element-a712928\" data-id=\"a712928\" data-element_type=\"column\" data-e-type=\"column\">\n\t\t\t<div class=\"elementor-widget-wrap elementor-element-populated\">\n\t\t\t\t\t\t<div class=\"elementor-element elementor-element-7e2d8d8 elementor-widget elementor-widget-spacer\" data-id=\"7e2d8d8\" data-element_type=\"widget\" data-e-type=\"widget\" data-widget_type=\"spacer.default\">\n\t\t\t\t<div class=\"elementor-widget-container\">\n\t\t\t\t\t\t\t<div class=\"elementor-spacer\">\n\t\t\t<div class=\"elementor-spacer-inner\"><\/div>\n\t\t<\/div>\n\t\t\t\t\t\t<\/div>\n\t\t\t\t<\/div>\n\t\t\t\t<div class=\"elementor-element elementor-element-c2f8105 elementor-widget elementor-widget-image\" data-id=\"c2f8105\" data-element_type=\"widget\" data-e-type=\"widget\" data-widget_type=\"image.default\">\n\t\t\t\t<div class=\"elementor-widget-container\">\n\t\t\t\t\t\t\t\t\t\t\t\t\t\t\t<img decoding=\"async\" width=\"800\" height=\"90\" src=\"https:\/\/www.domainevaldeceze.fr\/wp-content\/uploads\/2022\/05\/Sans-titre6.png\" class=\"attachment-large size-large wp-image-190\" alt=\"\" srcset=\"https:\/\/www.domainevaldeceze.fr\/wp-content\/uploads\/2022\/05\/Sans-titre6.png 800w, https:\/\/www.domainevaldeceze.fr\/wp-content\/uploads\/2022\/05\/Sans-titre6-300x34.png 300w, https:\/\/www.domainevaldeceze.fr\/wp-content\/uploads\/2022\/05\/Sans-titre6-768x86.png 768w\" sizes=\"(max-width: 800px) 100vw, 800px\" \/>\t\t\t\t\t\t\t\t\t\t\t\t\t\t\t<\/div>\n\t\t\t\t<\/div>\n\t\t\t\t<div class=\"elementor-element elementor-element-cab50f1 elementor-widget elementor-widget-spacer\" data-id=\"cab50f1\" data-element_type=\"widget\" data-e-type=\"widget\" data-widget_type=\"spacer.default\">\n\t\t\t\t<div class=\"elementor-widget-container\">\n\t\t\t\t\t\t\t<div class=\"elementor-spacer\">\n\t\t\t<div class=\"elementor-spacer-inner\"><\/div>\n\t\t<\/div>\n\t\t\t\t\t\t<\/div>\n\t\t\t\t<\/div>\n\t\t\t\t\t<\/div>\n\t\t<\/div>\n\t\t\t\t\t<\/div>\n\t\t<\/section>\n\t\t\t\t<\/div>","protected":false},"excerpt":{"rendered":"<p>S\u00c9MINAIRES Organisez vos r\u00e9unions professionnelles dans un cadre unique, propice \u00e0 la concentration et \u00e0 l\u2019\u00e9change.Qu\u2019il s\u2019agisse de journ\u00e9es d\u2019\u00e9tude, de s\u00e9minaires r\u00e9sidentiels, de pr\u00e9sentations de produits ou d\u2019autres \u00e9v\u00e9nements, le Ch\u00e2teau Val de C\u00e8ze vous accueille dans des conditions id\u00e9ales pour garantir la r\u00e9ussite de votre manifestation. Un environnement pens\u00e9 pour les professionnels : [&hellip;]<\/p>","protected":false},"author":1,"featured_media":0,"parent":0,"menu_order":0,"comment_status":"closed","ping_status":"closed","template":"elementor_header_footer","meta":{"footnotes":""},"class_list":["post-56","page","type-page","status-publish","hentry","entry"],"yoast_head":"<!-- This site is optimized with the Yoast SEO plugin v27.4 - https:\/\/yoast.com\/product\/yoast-seo-wordpress\/ -->\n<title>sale de r\u00e9ception pour tous types d&#039;\u00e9v\u00e9nements publics ou priv\u00e9s !<\/title>\n<meta name=\"description\" content=\"Le domaine Val de C\u00e8ze est un h\u00f4tel (3 \u00e9toiles), un restaurant gastronomique et un lieu de r\u00e9ception pour tous types d&#039;\u00e9v\u00e9nements publics ou priv\u00e9s !\" \/>\n<meta name=\"robots\" content=\"index, follow, max-snippet:-1, max-image-preview:large, max-video-preview:-1\" \/>\n<link rel=\"canonical\" href=\"https:\/\/www.domainevaldeceze.fr\/en\/seminaires\/\" \/>\n<meta property=\"og:locale\" content=\"en_GB\" \/>\n<meta property=\"og:type\" content=\"article\" \/>\n<meta property=\"og:title\" content=\"sale de r\u00e9ception pour tous types d&#039;\u00e9v\u00e9nements publics ou priv\u00e9s !\" \/>\n<meta property=\"og:description\" content=\"Le domaine Val de C\u00e8ze est un h\u00f4tel (3 \u00e9toiles), un restaurant gastronomique et un lieu de r\u00e9ception pour tous types d&#039;\u00e9v\u00e9nements publics ou priv\u00e9s !\" \/>\n<meta property=\"og:url\" content=\"https:\/\/www.domainevaldeceze.fr\/en\/seminaires\/\" \/>\n<meta property=\"og:site_name\" content=\"domaine Val de C\u00e8ze\" \/>\n<meta property=\"article:modified_time\" content=\"2025-08-06T08:40:10+00:00\" \/>\n<meta property=\"og:image\" content=\"https:\/\/www.domainevaldeceze.fr\/wp-content\/uploads\/2022\/05\/Sans-titre6.png\" \/>\n<meta name=\"twitter:card\" content=\"summary_large_image\" \/>\n<meta name=\"twitter:label1\" content=\"Estimated reading time\" \/>\n\t<meta name=\"twitter:data1\" content=\"1 minute\" \/>\n<script type=\"application\/ld+json\" class=\"yoast-schema-graph\">{\"@context\":\"https:\\\/\\\/schema.org\",\"@graph\":[{\"@type\":\"WebPage\",\"@id\":\"https:\\\/\\\/www.domainevaldeceze.fr\\\/seminaires\\\/\",\"url\":\"https:\\\/\\\/www.domainevaldeceze.fr\\\/seminaires\\\/\",\"name\":\"sale de r\u00e9ception pour tous types d'\u00e9v\u00e9nements publics ou priv\u00e9s !\",\"isPartOf\":{\"@id\":\"https:\\\/\\\/www.domainevaldeceze.fr\\\/#website\"},\"primaryImageOfPage\":{\"@id\":\"https:\\\/\\\/www.domainevaldeceze.fr\\\/seminaires\\\/#primaryimage\"},\"image\":{\"@id\":\"https:\\\/\\\/www.domainevaldeceze.fr\\\/seminaires\\\/#primaryimage\"},\"thumbnailUrl\":\"https:\\\/\\\/www.domainevaldeceze.fr\\\/wp-content\\\/uploads\\\/2022\\\/05\\\/Sans-titre6.png\",\"datePublished\":\"2022-05-06T09:19:53+00:00\",\"dateModified\":\"2025-08-06T08:40:10+00:00\",\"description\":\"Le domaine Val de C\u00e8ze est un h\u00f4tel (3 \u00e9toiles), un restaurant gastronomique et un lieu de r\u00e9ception pour tous types d'\u00e9v\u00e9nements publics ou priv\u00e9s !\",\"breadcrumb\":{\"@id\":\"https:\\\/\\\/www.domainevaldeceze.fr\\\/seminaires\\\/#breadcrumb\"},\"inLanguage\":\"en-GB\",\"potentialAction\":[{\"@type\":\"ReadAction\",\"target\":[\"https:\\\/\\\/www.domainevaldeceze.fr\\\/seminaires\\\/\"]}]},{\"@type\":\"ImageObject\",\"inLanguage\":\"en-GB\",\"@id\":\"https:\\\/\\\/www.domainevaldeceze.fr\\\/seminaires\\\/#primaryimage\",\"url\":\"https:\\\/\\\/www.domainevaldeceze.fr\\\/wp-content\\\/uploads\\\/2022\\\/05\\\/Sans-titre6.png\",\"contentUrl\":\"https:\\\/\\\/www.domainevaldeceze.fr\\\/wp-content\\\/uploads\\\/2022\\\/05\\\/Sans-titre6.png\"},{\"@type\":\"BreadcrumbList\",\"@id\":\"https:\\\/\\\/www.domainevaldeceze.fr\\\/seminaires\\\/#breadcrumb\",\"itemListElement\":[{\"@type\":\"ListItem\",\"position\":1,\"name\":\"Home\",\"item\":\"https:\\\/\\\/www.domainevaldeceze.fr\\\/\"},{\"@type\":\"ListItem\",\"position\":2,\"name\":\"S\u00e9minaire\"}]},{\"@type\":\"WebSite\",\"@id\":\"https:\\\/\\\/www.domainevaldeceze.fr\\\/#website\",\"url\":\"https:\\\/\\\/www.domainevaldeceze.fr\\\/\",\"name\":\"domaine Val de C\u00e8ze\",\"description\":\"Le domaine  Val de C\u00e8ze est un h\u00f4tel (3 \u00e9toiles), un restaurant gastronomique et un lieu de r\u00e9ception pour tous types d&#039;\u00e9v\u00e9nements publics ou priv\u00e9s !\",\"publisher\":{\"@id\":\"https:\\\/\\\/www.domainevaldeceze.fr\\\/#organization\"},\"potentialAction\":[{\"@type\":\"SearchAction\",\"target\":{\"@type\":\"EntryPoint\",\"urlTemplate\":\"https:\\\/\\\/www.domainevaldeceze.fr\\\/?s={search_term_string}\"},\"query-input\":{\"@type\":\"PropertyValueSpecification\",\"valueRequired\":true,\"valueName\":\"search_term_string\"}}],\"inLanguage\":\"en-GB\"},{\"@type\":\"Organization\",\"@id\":\"https:\\\/\\\/www.domainevaldeceze.fr\\\/#organization\",\"name\":\"domaine Val de C\u00e8ze\",\"url\":\"https:\\\/\\\/www.domainevaldeceze.fr\\\/\",\"logo\":{\"@type\":\"ImageObject\",\"inLanguage\":\"en-GB\",\"@id\":\"https:\\\/\\\/www.domainevaldeceze.fr\\\/#\\\/schema\\\/logo\\\/image\\\/\",\"url\":\"https:\\\/\\\/www.domainevaldeceze.fr\\\/wp-content\\\/uploads\\\/2022\\\/05\\\/cropped-1151006675256159-scaled-1.jpg\",\"contentUrl\":\"https:\\\/\\\/www.domainevaldeceze.fr\\\/wp-content\\\/uploads\\\/2022\\\/05\\\/cropped-1151006675256159-scaled-1.jpg\",\"width\":2560,\"height\":1156,\"caption\":\"domaine Val de C\u00e8ze\"},\"image\":{\"@id\":\"https:\\\/\\\/www.domainevaldeceze.fr\\\/#\\\/schema\\\/logo\\\/image\\\/\"}}]}<\/script>\n<!-- \/ Yoast SEO plugin. -->","yoast_head_json":{"title":"sale de r\u00e9ception pour tous types d'\u00e9v\u00e9nements publics ou priv\u00e9s !","description":"Le domaine Val de C\u00e8ze est un h\u00f4tel (3 \u00e9toiles), un restaurant gastronomique et un lieu de r\u00e9ception pour tous types d'\u00e9v\u00e9nements publics ou priv\u00e9s !","robots":{"index":"index","follow":"follow","max-snippet":"max-snippet:-1","max-image-preview":"max-image-preview:large","max-video-preview":"max-video-preview:-1"},"canonical":"https:\/\/www.domainevaldeceze.fr\/en\/seminaires\/","og_locale":"en_GB","og_type":"article","og_title":"sale de r\u00e9ception pour tous types d'\u00e9v\u00e9nements publics ou priv\u00e9s !","og_description":"Le domaine Val de C\u00e8ze est un h\u00f4tel (3 \u00e9toiles), un restaurant gastronomique et un lieu de r\u00e9ception pour tous types d'\u00e9v\u00e9nements publics ou priv\u00e9s !","og_url":"https:\/\/www.domainevaldeceze.fr\/en\/seminaires\/","og_site_name":"domaine Val de C\u00e8ze","article_modified_time":"2025-08-06T08:40:10+00:00","og_image":[{"url":"https:\/\/www.domainevaldeceze.fr\/wp-content\/uploads\/2022\/05\/Sans-titre6.png","type":"","width":"","height":""}],"twitter_card":"summary_large_image","twitter_misc":{"Estimated reading time":"1 minute"},"schema":{"@context":"https:\/\/schema.org","@graph":[{"@type":"WebPage","@id":"https:\/\/www.domainevaldeceze.fr\/seminaires\/","url":"https:\/\/www.domainevaldeceze.fr\/seminaires\/","name":"sale de r\u00e9ception pour tous types d'\u00e9v\u00e9nements publics ou priv\u00e9s !","isPartOf":{"@id":"https:\/\/www.domainevaldeceze.fr\/#website"},"primaryImageOfPage":{"@id":"https:\/\/www.domainevaldeceze.fr\/seminaires\/#primaryimage"},"image":{"@id":"https:\/\/www.domainevaldeceze.fr\/seminaires\/#primaryimage"},"thumbnailUrl":"https:\/\/www.domainevaldeceze.fr\/wp-content\/uploads\/2022\/05\/Sans-titre6.png","datePublished":"2022-05-06T09:19:53+00:00","dateModified":"2025-08-06T08:40:10+00:00","description":"Le domaine Val de C\u00e8ze est un h\u00f4tel (3 \u00e9toiles), un restaurant gastronomique et un lieu de r\u00e9ception pour tous types d'\u00e9v\u00e9nements publics ou priv\u00e9s !","breadcrumb":{"@id":"https:\/\/www.domainevaldeceze.fr\/seminaires\/#breadcrumb"},"inLanguage":"en-GB","potentialAction":[{"@type":"ReadAction","target":["https:\/\/www.domainevaldeceze.fr\/seminaires\/"]}]},{"@type":"ImageObject","inLanguage":"en-GB","@id":"https:\/\/www.domainevaldeceze.fr\/seminaires\/#primaryimage","url":"https:\/\/www.domainevaldeceze.fr\/wp-content\/uploads\/2022\/05\/Sans-titre6.png","contentUrl":"https:\/\/www.domainevaldeceze.fr\/wp-content\/uploads\/2022\/05\/Sans-titre6.png"},{"@type":"BreadcrumbList","@id":"https:\/\/www.domainevaldeceze.fr\/seminaires\/#breadcrumb","itemListElement":[{"@type":"ListItem","position":1,"name":"Home","item":"https:\/\/www.domainevaldeceze.fr\/"},{"@type":"ListItem","position":2,"name":"S\u00e9minaire"}]},{"@type":"WebSite","@id":"https:\/\/www.domainevaldeceze.fr\/#website","url":"https:\/\/www.domainevaldeceze.fr\/","name":"domaine Val de C\u00e8ze","description":"Le domaine  Val de C\u00e8ze est un h\u00f4tel (3 \u00e9toiles), un restaurant gastronomique et un lieu de r\u00e9ception pour tous types d&#039;\u00e9v\u00e9nements publics ou priv\u00e9s !","publisher":{"@id":"https:\/\/www.domainevaldeceze.fr\/#organization"},"potentialAction":[{"@type":"SearchAction","target":{"@type":"EntryPoint","urlTemplate":"https:\/\/www.domainevaldeceze.fr\/?s={search_term_string}"},"query-input":{"@type":"PropertyValueSpecification","valueRequired":true,"valueName":"search_term_string"}}],"inLanguage":"en-GB"},{"@type":"Organization","@id":"https:\/\/www.domainevaldeceze.fr\/#organization","name":"domaine Val de C\u00e8ze","url":"https:\/\/www.domainevaldeceze.fr\/","logo":{"@type":"ImageObject","inLanguage":"en-GB","@id":"https:\/\/www.domainevaldeceze.fr\/#\/schema\/logo\/image\/","url":"https:\/\/www.domainevaldeceze.fr\/wp-content\/uploads\/2022\/05\/cropped-1151006675256159-scaled-1.jpg","contentUrl":"https:\/\/www.domainevaldeceze.fr\/wp-content\/uploads\/2022\/05\/cropped-1151006675256159-scaled-1.jpg","width":2560,"height":1156,"caption":"domaine Val de C\u00e8ze"},"image":{"@id":"https:\/\/www.domainevaldeceze.fr\/#\/schema\/logo\/image\/"}}]}},"_links":{"self":[{"href":"https:\/\/www.domainevaldeceze.fr\/en\/wp-json\/wp\/v2\/pages\/56","targetHints":{"allow":["GET"]}}],"collection":[{"href":"https:\/\/www.domainevaldeceze.fr\/en\/wp-json\/wp\/v2\/pages"}],"about":[{"href":"https:\/\/www.domainevaldeceze.fr\/en\/wp-json\/wp\/v2\/types\/page"}],"author":[{"embeddable":true,"href":"https:\/\/www.domainevaldeceze.fr\/en\/wp-json\/wp\/v2\/users\/1"}],"replies":[{"embeddable":true,"href":"https:\/\/www.domainevaldeceze.fr\/en\/wp-json\/wp\/v2\/comments?post=56"}],"version-history":[{"count":72,"href":"https:\/\/www.domainevaldeceze.fr\/en\/wp-json\/wp\/v2\/pages\/56\/revisions"}],"predecessor-version":[{"id":1670,"href":"https:\/\/www.domainevaldeceze.fr\/en\/wp-json\/wp\/v2\/pages\/56\/revisions\/1670"}],"wp:attachment":[{"href":"https:\/\/www.domainevaldeceze.fr\/en\/wp-json\/wp\/v2\/media?parent=56"}],"curies":[{"name":"wp","href":"https:\/\/api.w.org\/{rel}","templated":true}]}}