{"id":64,"date":"2022-05-06T09:21:24","date_gmt":"2022-05-06T09:21:24","guid":{"rendered":"https:\/\/www.domainevaldeceze.fr\/?page_id=64"},"modified":"2025-08-06T12:40:47","modified_gmt":"2025-08-06T10:40:47","slug":"nous-contacter","status":"publish","type":"page","link":"https:\/\/www.domainevaldeceze.fr\/en\/nous-contacter\/","title":{"rendered":"Contact Us"},"content":{"rendered":"<div data-elementor-type=\"wp-page\" data-elementor-id=\"64\" class=\"elementor elementor-64\">\n\t\t\t\t\t\t<section class=\"elementor-section elementor-top-section elementor-element elementor-element-2fa2273 elementor-section-stretched elementor-section-height-min-height elementor-section-boxed elementor-section-height-default elementor-section-items-middle\" data-id=\"2fa2273\" data-element_type=\"section\" data-e-type=\"section\" data-settings=\"{&quot;stretch_section&quot;:&quot;section-stretched&quot;}\">\n\t\t\t\t\t\t<div class=\"elementor-container elementor-column-gap-no\">\n\t\t\t\t\t<main class=\"elementor-column elementor-col-100 elementor-top-column elementor-element elementor-element-55d24bd\" data-id=\"55d24bd\" data-element_type=\"column\" data-e-type=\"column\">\n\t\t\t<div class=\"elementor-widget-wrap elementor-element-populated\">\n\t\t\t\t\t\t<div class=\"elementor-element elementor-element-bce0409 elementor-widget elementor-widget-image\" data-id=\"bce0409\" data-element_type=\"widget\" data-e-type=\"widget\" data-widget_type=\"image.default\">\n\t\t\t\t<div class=\"elementor-widget-container\">\n\t\t\t\t\t\t\t\t\t\t\t\t\t\t\t<img fetchpriority=\"high\" decoding=\"async\" width=\"1024\" height=\"683\" src=\"https:\/\/www.domainevaldeceze.fr\/wp-content\/uploads\/2022\/05\/0112-chateau-du-val-de-ceze-1024px1.jpg\" class=\"attachment-full size-full wp-image-278\" alt=\"\" srcset=\"https:\/\/www.domainevaldeceze.fr\/wp-content\/uploads\/2022\/05\/0112-chateau-du-val-de-ceze-1024px1.jpg 1024w, https:\/\/www.domainevaldeceze.fr\/wp-content\/uploads\/2022\/05\/0112-chateau-du-val-de-ceze-1024px1-300x200.jpg 300w, https:\/\/www.domainevaldeceze.fr\/wp-content\/uploads\/2022\/05\/0112-chateau-du-val-de-ceze-1024px1-768x512.jpg 768w\" sizes=\"(max-width: 1024px) 100vw, 1024px\" \/>\t\t\t\t\t\t\t\t\t\t\t\t\t\t\t<\/div>\n\t\t\t\t<\/div>\n\t\t\t\t<div class=\"elementor-element elementor-element-e34cc38 elementor-widget elementor-widget-spacer\" data-id=\"e34cc38\" data-element_type=\"widget\" data-e-type=\"widget\" data-widget_type=\"spacer.default\">\n\t\t\t\t<div class=\"elementor-widget-container\">\n\t\t\t\t\t\t\t<div class=\"elementor-spacer\">\n\t\t\t<div class=\"elementor-spacer-inner\"><\/div>\n\t\t<\/div>\n\t\t\t\t\t\t<\/div>\n\t\t\t\t<\/div>\n\t\t\t\t\t<\/div>\n\t\t<\/main>\n\t\t\t\t\t<\/div>\n\t\t<\/section>\n\t\t\t\t<section class=\"elementor-section elementor-top-section elementor-element elementor-element-9605882 elementor-section-boxed elementor-section-height-default elementor-section-height-default\" data-id=\"9605882\" data-element_type=\"section\" data-e-type=\"section\">\n\t\t\t\t\t\t<div class=\"elementor-container elementor-column-gap-default\">\n\t\t\t\t\t<div class=\"elementor-column elementor-col-100 elementor-top-column elementor-element elementor-element-7ee6e5a\" data-id=\"7ee6e5a\" data-element_type=\"column\" data-e-type=\"column\">\n\t\t\t<div class=\"elementor-widget-wrap elementor-element-populated\">\n\t\t\t\t\t\t<div class=\"elementor-element elementor-element-1f60570 elementor-widget__width-initial elementor-widget elementor-widget-heading\" data-id=\"1f60570\" data-element_type=\"widget\" data-e-type=\"widget\" data-widget_type=\"heading.default\">\n\t\t\t\t<div class=\"elementor-widget-container\">\n\t\t\t\t\t<h3 class=\"elementor-heading-title elementor-size-xl\"><a href=\"http:\/\/contact@domainevaldeceze.fr\">Contact Us <\/a><\/h3>\t\t\t\t<\/div>\n\t\t\t\t<\/div>\n\t\t\t\t<div class=\"elementor-element elementor-element-001458d elementor-widget elementor-widget-spacer\" data-id=\"001458d\" data-element_type=\"widget\" data-e-type=\"widget\" data-widget_type=\"spacer.default\">\n\t\t\t\t<div class=\"elementor-widget-container\">\n\t\t\t\t\t\t\t<div class=\"elementor-spacer\">\n\t\t\t<div class=\"elementor-spacer-inner\"><\/div>\n\t\t<\/div>\n\t\t\t\t\t\t<\/div>\n\t\t\t\t<\/div>\n\t\t\t\t\t<\/div>\n\t\t<\/div>\n\t\t\t\t\t<\/div>\n\t\t<\/section>\n\t\t\t\t<section class=\"elementor-section elementor-top-section elementor-element elementor-element-45b36b7 elementor-section-boxed elementor-section-height-default elementor-section-height-default\" data-id=\"45b36b7\" data-element_type=\"section\" data-e-type=\"section\">\n\t\t\t\t\t\t<div class=\"elementor-container elementor-column-gap-default\">\n\t\t\t\t\t<div class=\"elementor-column elementor-col-100 elementor-top-column elementor-element elementor-element-9ab4780\" data-id=\"9ab4780\" data-element_type=\"column\" data-e-type=\"column\">\n\t\t\t<div class=\"elementor-widget-wrap elementor-element-populated\">\n\t\t\t\t\t\t<div class=\"elementor-element elementor-element-0f3fc49 elementor-widget elementor-widget-text-editor\" data-id=\"0f3fc49\" data-element_type=\"widget\" data-e-type=\"widget\" data-widget_type=\"text-editor.default\">\n\t\t\t\t<div class=\"elementor-widget-container\">\n\t\t\t\t\t\t\t\t\t<p>Your message is important to us. We will respond as soon as possible.<\/p><p>\u00a0<\/p>\t\t\t\t\t\t\t\t<\/div>\n\t\t\t\t<\/div>\n\t\t\t\t\t<\/div>\n\t\t<\/div>\n\t\t\t\t\t<\/div>\n\t\t<\/section>\n\t\t\t\t<section class=\"elementor-section elementor-top-section elementor-element elementor-element-adf5084 elementor-section-boxed elementor-section-height-default elementor-section-height-default\" data-id=\"adf5084\" data-element_type=\"section\" data-e-type=\"section\">\n\t\t\t\t\t\t<div class=\"elementor-container elementor-column-gap-default\">\n\t\t\t\t\t<div class=\"elementor-column elementor-col-100 elementor-top-column elementor-element elementor-element-8e3b030\" data-id=\"8e3b030\" data-element_type=\"column\" data-e-type=\"column\">\n\t\t\t<div class=\"elementor-widget-wrap elementor-element-populated\">\n\t\t\t\t\t\t<div class=\"elementor-element elementor-element-89aacfc elementor-widget elementor-widget-spacer\" data-id=\"89aacfc\" data-element_type=\"widget\" data-e-type=\"widget\" data-widget_type=\"spacer.default\">\n\t\t\t\t<div class=\"elementor-widget-container\">\n\t\t\t\t\t\t\t<div class=\"elementor-spacer\">\n\t\t\t<div class=\"elementor-spacer-inner\"><\/div>\n\t\t<\/div>\n\t\t\t\t\t\t<\/div>\n\t\t\t\t<\/div>\n\t\t\t\t<div class=\"elementor-element elementor-element-c5dfb82 elementor-widget elementor-widget-image\" data-id=\"c5dfb82\" data-element_type=\"widget\" data-e-type=\"widget\" data-widget_type=\"image.default\">\n\t\t\t\t<div class=\"elementor-widget-container\">\n\t\t\t\t\t\t\t\t\t\t\t\t\t\t\t<img decoding=\"async\" width=\"800\" height=\"90\" src=\"https:\/\/www.domainevaldeceze.fr\/wp-content\/uploads\/2022\/05\/Sans-titre6.png\" class=\"attachment-large size-large wp-image-190\" alt=\"\" srcset=\"https:\/\/www.domainevaldeceze.fr\/wp-content\/uploads\/2022\/05\/Sans-titre6.png 800w, https:\/\/www.domainevaldeceze.fr\/wp-content\/uploads\/2022\/05\/Sans-titre6-300x34.png 300w, https:\/\/www.domainevaldeceze.fr\/wp-content\/uploads\/2022\/05\/Sans-titre6-768x86.png 768w\" sizes=\"(max-width: 800px) 100vw, 800px\" \/>\t\t\t\t\t\t\t\t\t\t\t\t\t\t\t<\/div>\n\t\t\t\t<\/div>\n\t\t\t\t<div class=\"elementor-element elementor-element-62f1753 elementor-widget__width-initial elementor-widget elementor-widget-shortcode\" data-id=\"62f1753\" data-element_type=\"widget\" data-e-type=\"widget\" data-widget_type=\"shortcode.default\">\n\t\t\t\t<div class=\"elementor-widget-container\">\n\t\t\t\t\t\t\t<div class=\"elementor-shortcode\">[wpforms id=\"1489\"]<\/div>\n\t\t\t\t\t\t<\/div>\n\t\t\t\t<\/div>\n\t\t\t\t<div class=\"elementor-element elementor-element-a1f8324 elementor-widget elementor-widget-spacer\" data-id=\"a1f8324\" data-element_type=\"widget\" data-e-type=\"widget\" data-widget_type=\"spacer.default\">\n\t\t\t\t<div class=\"elementor-widget-container\">\n\t\t\t\t\t\t\t<div class=\"elementor-spacer\">\n\t\t\t<div class=\"elementor-spacer-inner\"><\/div>\n\t\t<\/div>\n\t\t\t\t\t\t<\/div>\n\t\t\t\t<\/div>\n\t\t\t\t\t<\/div>\n\t\t<\/div>\n\t\t\t\t\t<\/div>\n\t\t<\/section>\n\t\t\t\t<section class=\"elementor-section elementor-top-section elementor-element elementor-element-8d4b5a5 elementor-section-full_width elementor-section-height-default elementor-section-height-default\" data-id=\"8d4b5a5\" data-element_type=\"section\" data-e-type=\"section\">\n\t\t\t\t\t\t<div class=\"elementor-container elementor-column-gap-default\">\n\t\t\t\t\t<div class=\"elementor-column elementor-col-100 elementor-top-column elementor-element elementor-element-1fdb591\" data-id=\"1fdb591\" data-element_type=\"column\" data-e-type=\"column\">\n\t\t\t<div class=\"elementor-widget-wrap elementor-element-populated\">\n\t\t\t\t\t\t<div class=\"elementor-element elementor-element-b4c0c45 elementor-widget elementor-widget-spacer\" data-id=\"b4c0c45\" data-element_type=\"widget\" data-e-type=\"widget\" data-widget_type=\"spacer.default\">\n\t\t\t\t<div class=\"elementor-widget-container\">\n\t\t\t\t\t\t\t<div class=\"elementor-spacer\">\n\t\t\t<div class=\"elementor-spacer-inner\"><\/div>\n\t\t<\/div>\n\t\t\t\t\t\t<\/div>\n\t\t\t\t<\/div>\n\t\t\t\t<div class=\"elementor-element elementor-element-75d0b7f elementor-widget elementor-widget-google_maps\" data-id=\"75d0b7f\" data-element_type=\"widget\" data-e-type=\"widget\" data-widget_type=\"google_maps.default\">\n\t\t\t\t<div class=\"elementor-widget-container\">\n\t\t\t\t\t\t\t<div class=\"elementor-custom-embed\">\n\t\t\t<iframe loading=\"lazy\"\n\t\t\t\t\tsrc=\"https:\/\/maps.google.com\/maps?q=domain%20val%20de%20c%C3%A9ze%20&#038;t=m&#038;z=10&#038;output=embed&#038;iwloc=near\"\n\t\t\t\t\ttitle=\"domain val de c\u00e9ze \"\n\t\t\t\t\taria-label=\"domain val de c\u00e9ze \"\n\t\t\t><\/iframe>\n\t\t<\/div>\n\t\t\t\t\t\t<\/div>\n\t\t\t\t<\/div>\n\t\t\t\t\t<\/div>\n\t\t<\/div>\n\t\t\t\t\t<\/div>\n\t\t<\/section>\n\t\t\t\t<\/div>","protected":false},"excerpt":{"rendered":"<p>Nous Contacter Votre message est important pour nous. Nous vous r\u00e9pondrons aussi vite que possible. \u00a0 [wpforms id=\u00a0\u00bb1489&Prime;]<\/p>","protected":false},"author":1,"featured_media":0,"parent":0,"menu_order":0,"comment_status":"closed","ping_status":"closed","template":"elementor_header_footer","meta":{"footnotes":""},"class_list":["post-64","page","type-page","status-publish","hentry","entry"],"yoast_head":"<!-- This site is optimized with the Yoast SEO plugin v27.5 - https:\/\/yoast.com\/product\/yoast-seo-wordpress\/ -->\n<title>Nous contacter - domaine Val de C\u00e8ze<\/title>\n<meta name=\"description\" content=\"Le domaine Val de C\u00e8ze est un h\u00f4tel (3 \u00e9toiles), un restaurant gastronomique et un lieu de r\u00e9ception pour tous types d&#039;\u00e9v\u00e9nements publics ou priv\u00e9s !\" \/>\n<meta name=\"robots\" content=\"index, follow, max-snippet:-1, max-image-preview:large, max-video-preview:-1\" \/>\n<link rel=\"canonical\" href=\"https:\/\/www.domainevaldeceze.fr\/en\/nous-contacter\/\" \/>\n<meta property=\"og:locale\" content=\"en_GB\" \/>\n<meta property=\"og:type\" content=\"article\" \/>\n<meta property=\"og:title\" content=\"Nous contacter - domaine Val de C\u00e8ze\" \/>\n<meta property=\"og:description\" content=\"Le domaine Val de C\u00e8ze est un h\u00f4tel (3 \u00e9toiles), un restaurant gastronomique et un lieu de r\u00e9ception pour tous types d&#039;\u00e9v\u00e9nements publics ou priv\u00e9s !\" \/>\n<meta property=\"og:url\" content=\"https:\/\/www.domainevaldeceze.fr\/en\/nous-contacter\/\" \/>\n<meta property=\"og:site_name\" content=\"domaine Val de C\u00e8ze\" \/>\n<meta property=\"article:modified_time\" content=\"2025-08-06T10:40:47+00:00\" \/>\n<meta property=\"og:image\" content=\"https:\/\/www.domainevaldeceze.fr\/wp-content\/uploads\/2022\/05\/0112-chateau-du-val-de-ceze-1024px1.jpg\" \/>\n\t<meta property=\"og:image:width\" content=\"1024\" \/>\n\t<meta property=\"og:image:height\" content=\"683\" \/>\n\t<meta property=\"og:image:type\" content=\"image\/jpeg\" \/>\n<meta name=\"twitter:card\" content=\"summary_large_image\" \/>\n<meta name=\"twitter:label1\" content=\"Estimated reading time\" \/>\n\t<meta name=\"twitter:data1\" content=\"1 minute\" \/>\n<script type=\"application\/ld+json\" class=\"yoast-schema-graph\">{\"@context\":\"https:\\\/\\\/schema.org\",\"@graph\":[{\"@type\":\"WebPage\",\"@id\":\"https:\\\/\\\/www.domainevaldeceze.fr\\\/nous-contacter\\\/\",\"url\":\"https:\\\/\\\/www.domainevaldeceze.fr\\\/nous-contacter\\\/\",\"name\":\"Nous contacter - domaine Val de C\u00e8ze\",\"isPartOf\":{\"@id\":\"https:\\\/\\\/www.domainevaldeceze.fr\\\/#website\"},\"primaryImageOfPage\":{\"@id\":\"https:\\\/\\\/www.domainevaldeceze.fr\\\/nous-contacter\\\/#primaryimage\"},\"image\":{\"@id\":\"https:\\\/\\\/www.domainevaldeceze.fr\\\/nous-contacter\\\/#primaryimage\"},\"thumbnailUrl\":\"https:\\\/\\\/www.domainevaldeceze.fr\\\/wp-content\\\/uploads\\\/2022\\\/05\\\/0112-chateau-du-val-de-ceze-1024px1.jpg\",\"datePublished\":\"2022-05-06T09:21:24+00:00\",\"dateModified\":\"2025-08-06T10:40:47+00:00\",\"description\":\"Le domaine Val de C\u00e8ze est un h\u00f4tel (3 \u00e9toiles), un restaurant gastronomique et un lieu de r\u00e9ception pour tous types d'\u00e9v\u00e9nements publics ou priv\u00e9s !\",\"breadcrumb\":{\"@id\":\"https:\\\/\\\/www.domainevaldeceze.fr\\\/nous-contacter\\\/#breadcrumb\"},\"inLanguage\":\"en-GB\",\"potentialAction\":[{\"@type\":\"ReadAction\",\"target\":[\"https:\\\/\\\/www.domainevaldeceze.fr\\\/nous-contacter\\\/\"]}]},{\"@type\":\"ImageObject\",\"inLanguage\":\"en-GB\",\"@id\":\"https:\\\/\\\/www.domainevaldeceze.fr\\\/nous-contacter\\\/#primaryimage\",\"url\":\"https:\\\/\\\/www.domainevaldeceze.fr\\\/wp-content\\\/uploads\\\/2022\\\/05\\\/0112-chateau-du-val-de-ceze-1024px1.jpg\",\"contentUrl\":\"https:\\\/\\\/www.domainevaldeceze.fr\\\/wp-content\\\/uploads\\\/2022\\\/05\\\/0112-chateau-du-val-de-ceze-1024px1.jpg\"},{\"@type\":\"BreadcrumbList\",\"@id\":\"https:\\\/\\\/www.domainevaldeceze.fr\\\/nous-contacter\\\/#breadcrumb\",\"itemListElement\":[{\"@type\":\"ListItem\",\"position\":1,\"name\":\"Home\",\"item\":\"https:\\\/\\\/www.domainevaldeceze.fr\\\/\"},{\"@type\":\"ListItem\",\"position\":2,\"name\":\"Nous contacter\"}]},{\"@type\":\"WebSite\",\"@id\":\"https:\\\/\\\/www.domainevaldeceze.fr\\\/#website\",\"url\":\"https:\\\/\\\/www.domainevaldeceze.fr\\\/\",\"name\":\"domaine Val de C\u00e8ze\",\"description\":\"Le domaine  Val de C\u00e8ze est un h\u00f4tel (3 \u00e9toiles), un restaurant gastronomique et un lieu de r\u00e9ception pour tous types d&#039;\u00e9v\u00e9nements publics ou priv\u00e9s !\",\"publisher\":{\"@id\":\"https:\\\/\\\/www.domainevaldeceze.fr\\\/#organization\"},\"potentialAction\":[{\"@type\":\"SearchAction\",\"target\":{\"@type\":\"EntryPoint\",\"urlTemplate\":\"https:\\\/\\\/www.domainevaldeceze.fr\\\/?s={search_term_string}\"},\"query-input\":{\"@type\":\"PropertyValueSpecification\",\"valueRequired\":true,\"valueName\":\"search_term_string\"}}],\"inLanguage\":\"en-GB\"},{\"@type\":\"Organization\",\"@id\":\"https:\\\/\\\/www.domainevaldeceze.fr\\\/#organization\",\"name\":\"domaine Val de C\u00e8ze\",\"url\":\"https:\\\/\\\/www.domainevaldeceze.fr\\\/\",\"logo\":{\"@type\":\"ImageObject\",\"inLanguage\":\"en-GB\",\"@id\":\"https:\\\/\\\/www.domainevaldeceze.fr\\\/#\\\/schema\\\/logo\\\/image\\\/\",\"url\":\"https:\\\/\\\/www.domainevaldeceze.fr\\\/wp-content\\\/uploads\\\/2022\\\/05\\\/cropped-1151006675256159-scaled-1.jpg\",\"contentUrl\":\"https:\\\/\\\/www.domainevaldeceze.fr\\\/wp-content\\\/uploads\\\/2022\\\/05\\\/cropped-1151006675256159-scaled-1.jpg\",\"width\":2560,\"height\":1156,\"caption\":\"domaine Val de C\u00e8ze\"},\"image\":{\"@id\":\"https:\\\/\\\/www.domainevaldeceze.fr\\\/#\\\/schema\\\/logo\\\/image\\\/\"}}]}<\/script>\n<!-- \/ Yoast SEO plugin. -->","yoast_head_json":{"title":"Nous contacter - domaine Val de C\u00e8ze","description":"Le domaine Val de C\u00e8ze est un h\u00f4tel (3 \u00e9toiles), un restaurant gastronomique et un lieu de r\u00e9ception pour tous types d'\u00e9v\u00e9nements publics ou priv\u00e9s !","robots":{"index":"index","follow":"follow","max-snippet":"max-snippet:-1","max-image-preview":"max-image-preview:large","max-video-preview":"max-video-preview:-1"},"canonical":"https:\/\/www.domainevaldeceze.fr\/en\/nous-contacter\/","og_locale":"en_GB","og_type":"article","og_title":"Nous contacter - domaine Val de C\u00e8ze","og_description":"Le domaine Val de C\u00e8ze est un h\u00f4tel (3 \u00e9toiles), un restaurant gastronomique et un lieu de r\u00e9ception pour tous types d'\u00e9v\u00e9nements publics ou priv\u00e9s !","og_url":"https:\/\/www.domainevaldeceze.fr\/en\/nous-contacter\/","og_site_name":"domaine Val de C\u00e8ze","article_modified_time":"2025-08-06T10:40:47+00:00","og_image":[{"width":1024,"height":683,"url":"https:\/\/www.domainevaldeceze.fr\/wp-content\/uploads\/2022\/05\/0112-chateau-du-val-de-ceze-1024px1.jpg","type":"image\/jpeg"}],"twitter_card":"summary_large_image","twitter_misc":{"Estimated reading time":"1 minute"},"schema":{"@context":"https:\/\/schema.org","@graph":[{"@type":"WebPage","@id":"https:\/\/www.domainevaldeceze.fr\/nous-contacter\/","url":"https:\/\/www.domainevaldeceze.fr\/nous-contacter\/","name":"Nous contacter - domaine Val de C\u00e8ze","isPartOf":{"@id":"https:\/\/www.domainevaldeceze.fr\/#website"},"primaryImageOfPage":{"@id":"https:\/\/www.domainevaldeceze.fr\/nous-contacter\/#primaryimage"},"image":{"@id":"https:\/\/www.domainevaldeceze.fr\/nous-contacter\/#primaryimage"},"thumbnailUrl":"https:\/\/www.domainevaldeceze.fr\/wp-content\/uploads\/2022\/05\/0112-chateau-du-val-de-ceze-1024px1.jpg","datePublished":"2022-05-06T09:21:24+00:00","dateModified":"2025-08-06T10:40:47+00:00","description":"Le domaine Val de C\u00e8ze est un h\u00f4tel (3 \u00e9toiles), un restaurant gastronomique et un lieu de r\u00e9ception pour tous types d'\u00e9v\u00e9nements publics ou priv\u00e9s !","breadcrumb":{"@id":"https:\/\/www.domainevaldeceze.fr\/nous-contacter\/#breadcrumb"},"inLanguage":"en-GB","potentialAction":[{"@type":"ReadAction","target":["https:\/\/www.domainevaldeceze.fr\/nous-contacter\/"]}]},{"@type":"ImageObject","inLanguage":"en-GB","@id":"https:\/\/www.domainevaldeceze.fr\/nous-contacter\/#primaryimage","url":"https:\/\/www.domainevaldeceze.fr\/wp-content\/uploads\/2022\/05\/0112-chateau-du-val-de-ceze-1024px1.jpg","contentUrl":"https:\/\/www.domainevaldeceze.fr\/wp-content\/uploads\/2022\/05\/0112-chateau-du-val-de-ceze-1024px1.jpg"},{"@type":"BreadcrumbList","@id":"https:\/\/www.domainevaldeceze.fr\/nous-contacter\/#breadcrumb","itemListElement":[{"@type":"ListItem","position":1,"name":"Home","item":"https:\/\/www.domainevaldeceze.fr\/"},{"@type":"ListItem","position":2,"name":"Nous contacter"}]},{"@type":"WebSite","@id":"https:\/\/www.domainevaldeceze.fr\/#website","url":"https:\/\/www.domainevaldeceze.fr\/","name":"domaine Val de C\u00e8ze","description":"Le domaine  Val de C\u00e8ze est un h\u00f4tel (3 \u00e9toiles), un restaurant gastronomique et un lieu de r\u00e9ception pour tous types d&#039;\u00e9v\u00e9nements publics ou priv\u00e9s !","publisher":{"@id":"https:\/\/www.domainevaldeceze.fr\/#organization"},"potentialAction":[{"@type":"SearchAction","target":{"@type":"EntryPoint","urlTemplate":"https:\/\/www.domainevaldeceze.fr\/?s={search_term_string}"},"query-input":{"@type":"PropertyValueSpecification","valueRequired":true,"valueName":"search_term_string"}}],"inLanguage":"en-GB"},{"@type":"Organization","@id":"https:\/\/www.domainevaldeceze.fr\/#organization","name":"domaine Val de C\u00e8ze","url":"https:\/\/www.domainevaldeceze.fr\/","logo":{"@type":"ImageObject","inLanguage":"en-GB","@id":"https:\/\/www.domainevaldeceze.fr\/#\/schema\/logo\/image\/","url":"https:\/\/www.domainevaldeceze.fr\/wp-content\/uploads\/2022\/05\/cropped-1151006675256159-scaled-1.jpg","contentUrl":"https:\/\/www.domainevaldeceze.fr\/wp-content\/uploads\/2022\/05\/cropped-1151006675256159-scaled-1.jpg","width":2560,"height":1156,"caption":"domaine Val de C\u00e8ze"},"image":{"@id":"https:\/\/www.domainevaldeceze.fr\/#\/schema\/logo\/image\/"}}]}},"_links":{"self":[{"href":"https:\/\/www.domainevaldeceze.fr\/en\/wp-json\/wp\/v2\/pages\/64","targetHints":{"allow":["GET"]}}],"collection":[{"href":"https:\/\/www.domainevaldeceze.fr\/en\/wp-json\/wp\/v2\/pages"}],"about":[{"href":"https:\/\/www.domainevaldeceze.fr\/en\/wp-json\/wp\/v2\/types\/page"}],"author":[{"embeddable":true,"href":"https:\/\/www.domainevaldeceze.fr\/en\/wp-json\/wp\/v2\/users\/1"}],"replies":[{"embeddable":true,"href":"https:\/\/www.domainevaldeceze.fr\/en\/wp-json\/wp\/v2\/comments?post=64"}],"version-history":[{"count":95,"href":"https:\/\/www.domainevaldeceze.fr\/en\/wp-json\/wp\/v2\/pages\/64\/revisions"}],"predecessor-version":[{"id":1737,"href":"https:\/\/www.domainevaldeceze.fr\/en\/wp-json\/wp\/v2\/pages\/64\/revisions\/1737"}],"wp:attachment":[{"href":"https:\/\/www.domainevaldeceze.fr\/en\/wp-json\/wp\/v2\/media?parent=64"}],"curies":[{"name":"wp","href":"https:\/\/api.w.org\/{rel}","templated":true}]}}