{"id":948,"date":"2022-05-12T19:14:19","date_gmt":"2022-05-12T19:14:19","guid":{"rendered":"https:\/\/www.domainevaldeceze.fr\/?page_id=948"},"modified":"2022-05-14T21:49:01","modified_gmt":"2022-05-14T21:49:01","slug":"news","status":"publish","type":"page","link":"https:\/\/www.domainevaldeceze.fr\/en\/news\/","title":{"rendered":"NEWS"},"content":{"rendered":"<div data-elementor-type=\"wp-page\" data-elementor-id=\"948\" class=\"elementor elementor-948\">\n\t\t\t\t\t\t<section class=\"elementor-section elementor-top-section elementor-element elementor-element-f589eaa elementor-section-boxed elementor-section-height-default elementor-section-height-default\" data-id=\"f589eaa\" data-element_type=\"section\" data-e-type=\"section\">\n\t\t\t\t\t\t<div class=\"elementor-container elementor-column-gap-default\">\n\t\t\t\t\t<div class=\"elementor-column elementor-col-100 elementor-top-column elementor-element elementor-element-7135924\" data-id=\"7135924\" data-element_type=\"column\" data-e-type=\"column\">\n\t\t\t<div class=\"elementor-widget-wrap elementor-element-populated\">\n\t\t\t\t\t\t<div class=\"elementor-element elementor-element-66acd52 elementor-widget elementor-widget-html\" data-id=\"66acd52\" data-element_type=\"widget\" data-e-type=\"widget\" data-widget_type=\"html.default\">\n\t\t\t\t<div class=\"elementor-widget-container\">\n\t\t\t\t\t<div class=\"cff-wrapper\">\t<div id=\"cff-visual-header-159126084114202\" class=\"cff-visual-header cff-has-name cff-has-about\">\n\t\t\t\t\t\t<div class=\"cff-header-inner-wrap\">\n\t\t\t\t\t\t<div class=\"cff-header-text\" >\n\n\t\t\t\t\t\t\t<a href=\"https:\/\/facebook.com\/159126084114202\" target=\"_blank\" rel=\"nofollow noopener\" title=\"\" class=\"cff-header-name\"><h3 style=\"font-size:inheritpx;\"><\/h3><\/a>\n\t\t\t\t\t\t\t\t\t\t\t\t<\/div>\n\t\t<\/div>\n\t<\/div>\n<div class=\"cff-wrapper-ctn\" ><div id=\"cff\"  class=\"cff cff-list-container  cff-default-styles  cff-mob-cols-1 cff-tab-cols-1\"    data-char=\"400\"  data-cff-flags=\"gdpr\" ><div class=\"cff-error-msg\">\n\t<div>\n\t\t<i class=\"fa fa-lock\" aria-hidden=\"true\" style=\"margin-right: 5px;\"><\/i><b>This message is only visible to admins.<\/b><br\/>\n\t\tProblem displaying Facebook posts. Backup cache in use.\t\t\t\t\t<br\/><a href=\"javascript:void(0);\" id=\"cff-show-error\" onclick=\"cffShowError()\">Click to show error<\/a>\n\t\t\t<script type=\"text\/javascript\">function cffShowError() { document.getElementById(\"cff-error-reason\").style.display = \"block\"; document.getElementById(\"cff-show-error\").style.display = \"none\"; }<\/script>\n\t\t\t<\/div>\n\t\t\t<div id=\"cff-error-reason\">\n\t\t\t\t\t\t\t\t\t<b>Error:<\/b> Error validating access token: The session has been invalidated because the user changed their password or Facebook has changed the session for security reasons.\t\t\t\t\t\t\t\t\t\t\t\t\t<b>Type:<\/b> OAuthException\t\t\t\t\t\t\t\t\t\t\t\t\t\t\t\t\t\t\t\t\t\t\t\t\t\t\t\t\n\t\t\t<\/div>\n\t\t\t\t\n<\/div>\n<div class=\"cff-posts-wrap\">\n<div class=\"cff-likebox cff-bottom\" >\n\t\t<iframe title=\"Likebox Iframe\" src=\"\" class=\"fb_iframe_widget\" data-likebox-id=\"159126084114202\" data-likebox-width=\"300\" data-likebox-header=\"\" data-hide-cover=\"\" data-hide-cta=\"\" data-likebox-faces=\"\" data-height=\"130\" data-locale=\"fr_FR\" scrolling=\"no\" allowtransparency=\"true\" allow=\"encrypted-media\" ><\/iframe>\n<\/div>\n<\/div><input class=\"cff-pag-url\" type=\"hidden\" data-locatornonce=\"3a78a05baa\" data-cff-shortcode=\"{&quot;feed&quot;: &quot;1&quot;}\" data-post-id=\"948\" data-feed-id=\"159126084114202\"><\/div><\/div><div class=\"cff-clear\"><\/div><\/div>\t\t\t\t<\/div>\n\t\t\t\t<\/div>\n\t\t\t\t<div class=\"elementor-element elementor-element-b8865f1 elementor-widget elementor-widget-spacer\" data-id=\"b8865f1\" data-element_type=\"widget\" data-e-type=\"widget\" data-widget_type=\"spacer.default\">\n\t\t\t\t<div class=\"elementor-widget-container\">\n\t\t\t\t\t\t\t<div class=\"elementor-spacer\">\n\t\t\t<div class=\"elementor-spacer-inner\"><\/div>\n\t\t<\/div>\n\t\t\t\t\t\t<\/div>\n\t\t\t\t<\/div>\n\t\t\t\t<div class=\"elementor-element elementor-element-544ea40 elementor-widget elementor-widget-image\" data-id=\"544ea40\" data-element_type=\"widget\" data-e-type=\"widget\" data-widget_type=\"image.default\">\n\t\t\t\t<div class=\"elementor-widget-container\">\n\t\t\t\t\t\t\t\t\t\t\t\t\t\t\t<img fetchpriority=\"high\" decoding=\"async\" width=\"800\" height=\"90\" src=\"https:\/\/www.domainevaldeceze.fr\/wp-content\/uploads\/2022\/05\/Sans-titre6.png\" class=\"attachment-large size-large wp-image-190\" alt=\"\" srcset=\"https:\/\/www.domainevaldeceze.fr\/wp-content\/uploads\/2022\/05\/Sans-titre6.png 800w, https:\/\/www.domainevaldeceze.fr\/wp-content\/uploads\/2022\/05\/Sans-titre6-300x34.png 300w, https:\/\/www.domainevaldeceze.fr\/wp-content\/uploads\/2022\/05\/Sans-titre6-768x86.png 768w\" sizes=\"(max-width: 800px) 100vw, 800px\" \/>\t\t\t\t\t\t\t\t\t\t\t\t\t\t\t<\/div>\n\t\t\t\t<\/div>\n\t\t\t\t<div class=\"elementor-element elementor-element-c0a8572 elementor-widget elementor-widget-spacer\" data-id=\"c0a8572\" data-element_type=\"widget\" data-e-type=\"widget\" data-widget_type=\"spacer.default\">\n\t\t\t\t<div class=\"elementor-widget-container\">\n\t\t\t\t\t\t\t<div class=\"elementor-spacer\">\n\t\t\t<div class=\"elementor-spacer-inner\"><\/div>\n\t\t<\/div>\n\t\t\t\t\t\t<\/div>\n\t\t\t\t<\/div>\n\t\t\t\t\t<\/div>\n\t\t<\/div>\n\t\t\t\t\t<\/div>\n\t\t<\/section>\n\t\t\t\t<\/div>","protected":false},"excerpt":{"rendered":"","protected":false},"author":1,"featured_media":0,"parent":0,"menu_order":0,"comment_status":"closed","ping_status":"closed","template":"","meta":{"footnotes":""},"class_list":["post-948","page","type-page","status-publish","hentry","entry"],"yoast_head":"<!-- This site is optimized with the Yoast SEO plugin v27.4 - https:\/\/yoast.com\/product\/yoast-seo-wordpress\/ -->\n<title>NEWS - domaine Val de C\u00e8ze<\/title>\n<meta name=\"robots\" content=\"index, follow, max-snippet:-1, max-image-preview:large, max-video-preview:-1\" \/>\n<link rel=\"canonical\" href=\"https:\/\/www.domainevaldeceze.fr\/en\/news\/\" \/>\n<meta property=\"og:locale\" content=\"en_GB\" \/>\n<meta property=\"og:type\" content=\"article\" \/>\n<meta property=\"og:title\" content=\"NEWS - domaine Val de C\u00e8ze\" \/>\n<meta property=\"og:url\" content=\"https:\/\/www.domainevaldeceze.fr\/en\/news\/\" \/>\n<meta property=\"og:site_name\" content=\"domaine Val de C\u00e8ze\" \/>\n<meta property=\"article:modified_time\" content=\"2022-05-14T21:49:01+00:00\" \/>\n<meta property=\"og:image\" content=\"https:\/\/www.domainevaldeceze.fr\/wp-content\/uploads\/2022\/05\/Sans-titre6.png\" \/>\n<meta name=\"twitter:card\" content=\"summary_large_image\" \/>\n<meta name=\"twitter:label1\" content=\"Estimated reading time\" \/>\n\t<meta name=\"twitter:data1\" content=\"1 minute\" \/>\n<script type=\"application\/ld+json\" class=\"yoast-schema-graph\">{\"@context\":\"https:\\\/\\\/schema.org\",\"@graph\":[{\"@type\":\"WebPage\",\"@id\":\"https:\\\/\\\/www.domainevaldeceze.fr\\\/news\\\/\",\"url\":\"https:\\\/\\\/www.domainevaldeceze.fr\\\/news\\\/\",\"name\":\"NEWS - domaine Val de C\u00e8ze\",\"isPartOf\":{\"@id\":\"https:\\\/\\\/www.domainevaldeceze.fr\\\/#website\"},\"primaryImageOfPage\":{\"@id\":\"https:\\\/\\\/www.domainevaldeceze.fr\\\/news\\\/#primaryimage\"},\"image\":{\"@id\":\"https:\\\/\\\/www.domainevaldeceze.fr\\\/news\\\/#primaryimage\"},\"thumbnailUrl\":\"https:\\\/\\\/www.domainevaldeceze.fr\\\/wp-content\\\/uploads\\\/2022\\\/05\\\/Sans-titre6.png\",\"datePublished\":\"2022-05-12T19:14:19+00:00\",\"dateModified\":\"2022-05-14T21:49:01+00:00\",\"breadcrumb\":{\"@id\":\"https:\\\/\\\/www.domainevaldeceze.fr\\\/news\\\/#breadcrumb\"},\"inLanguage\":\"en-GB\",\"potentialAction\":[{\"@type\":\"ReadAction\",\"target\":[\"https:\\\/\\\/www.domainevaldeceze.fr\\\/news\\\/\"]}]},{\"@type\":\"ImageObject\",\"inLanguage\":\"en-GB\",\"@id\":\"https:\\\/\\\/www.domainevaldeceze.fr\\\/news\\\/#primaryimage\",\"url\":\"https:\\\/\\\/www.domainevaldeceze.fr\\\/wp-content\\\/uploads\\\/2022\\\/05\\\/Sans-titre6.png\",\"contentUrl\":\"https:\\\/\\\/www.domainevaldeceze.fr\\\/wp-content\\\/uploads\\\/2022\\\/05\\\/Sans-titre6.png\"},{\"@type\":\"BreadcrumbList\",\"@id\":\"https:\\\/\\\/www.domainevaldeceze.fr\\\/news\\\/#breadcrumb\",\"itemListElement\":[{\"@type\":\"ListItem\",\"position\":1,\"name\":\"Home\",\"item\":\"https:\\\/\\\/www.domainevaldeceze.fr\\\/\"},{\"@type\":\"ListItem\",\"position\":2,\"name\":\"NEWS\"}]},{\"@type\":\"WebSite\",\"@id\":\"https:\\\/\\\/www.domainevaldeceze.fr\\\/#website\",\"url\":\"https:\\\/\\\/www.domainevaldeceze.fr\\\/\",\"name\":\"domaine Val de C\u00e8ze\",\"description\":\"Le domaine  Val de C\u00e8ze est un h\u00f4tel (3 \u00e9toiles), un restaurant gastronomique et un lieu de r\u00e9ception pour tous types d&#039;\u00e9v\u00e9nements publics ou priv\u00e9s !\",\"publisher\":{\"@id\":\"https:\\\/\\\/www.domainevaldeceze.fr\\\/#organization\"},\"potentialAction\":[{\"@type\":\"SearchAction\",\"target\":{\"@type\":\"EntryPoint\",\"urlTemplate\":\"https:\\\/\\\/www.domainevaldeceze.fr\\\/?s={search_term_string}\"},\"query-input\":{\"@type\":\"PropertyValueSpecification\",\"valueRequired\":true,\"valueName\":\"search_term_string\"}}],\"inLanguage\":\"en-GB\"},{\"@type\":\"Organization\",\"@id\":\"https:\\\/\\\/www.domainevaldeceze.fr\\\/#organization\",\"name\":\"domaine Val de C\u00e8ze\",\"url\":\"https:\\\/\\\/www.domainevaldeceze.fr\\\/\",\"logo\":{\"@type\":\"ImageObject\",\"inLanguage\":\"en-GB\",\"@id\":\"https:\\\/\\\/www.domainevaldeceze.fr\\\/#\\\/schema\\\/logo\\\/image\\\/\",\"url\":\"https:\\\/\\\/www.domainevaldeceze.fr\\\/wp-content\\\/uploads\\\/2022\\\/05\\\/cropped-1151006675256159-scaled-1.jpg\",\"contentUrl\":\"https:\\\/\\\/www.domainevaldeceze.fr\\\/wp-content\\\/uploads\\\/2022\\\/05\\\/cropped-1151006675256159-scaled-1.jpg\",\"width\":2560,\"height\":1156,\"caption\":\"domaine Val de C\u00e8ze\"},\"image\":{\"@id\":\"https:\\\/\\\/www.domainevaldeceze.fr\\\/#\\\/schema\\\/logo\\\/image\\\/\"}}]}<\/script>\n<!-- \/ Yoast SEO plugin. -->","yoast_head_json":{"title":"NEWS - domaine Val de C\u00e8ze","robots":{"index":"index","follow":"follow","max-snippet":"max-snippet:-1","max-image-preview":"max-image-preview:large","max-video-preview":"max-video-preview:-1"},"canonical":"https:\/\/www.domainevaldeceze.fr\/en\/news\/","og_locale":"en_GB","og_type":"article","og_title":"NEWS - domaine Val de C\u00e8ze","og_url":"https:\/\/www.domainevaldeceze.fr\/en\/news\/","og_site_name":"domaine Val de C\u00e8ze","article_modified_time":"2022-05-14T21:49:01+00:00","og_image":[{"url":"https:\/\/www.domainevaldeceze.fr\/wp-content\/uploads\/2022\/05\/Sans-titre6.png","type":"","width":"","height":""}],"twitter_card":"summary_large_image","twitter_misc":{"Estimated reading time":"1 minute"},"schema":{"@context":"https:\/\/schema.org","@graph":[{"@type":"WebPage","@id":"https:\/\/www.domainevaldeceze.fr\/news\/","url":"https:\/\/www.domainevaldeceze.fr\/news\/","name":"NEWS - domaine Val de C\u00e8ze","isPartOf":{"@id":"https:\/\/www.domainevaldeceze.fr\/#website"},"primaryImageOfPage":{"@id":"https:\/\/www.domainevaldeceze.fr\/news\/#primaryimage"},"image":{"@id":"https:\/\/www.domainevaldeceze.fr\/news\/#primaryimage"},"thumbnailUrl":"https:\/\/www.domainevaldeceze.fr\/wp-content\/uploads\/2022\/05\/Sans-titre6.png","datePublished":"2022-05-12T19:14:19+00:00","dateModified":"2022-05-14T21:49:01+00:00","breadcrumb":{"@id":"https:\/\/www.domainevaldeceze.fr\/news\/#breadcrumb"},"inLanguage":"en-GB","potentialAction":[{"@type":"ReadAction","target":["https:\/\/www.domainevaldeceze.fr\/news\/"]}]},{"@type":"ImageObject","inLanguage":"en-GB","@id":"https:\/\/www.domainevaldeceze.fr\/news\/#primaryimage","url":"https:\/\/www.domainevaldeceze.fr\/wp-content\/uploads\/2022\/05\/Sans-titre6.png","contentUrl":"https:\/\/www.domainevaldeceze.fr\/wp-content\/uploads\/2022\/05\/Sans-titre6.png"},{"@type":"BreadcrumbList","@id":"https:\/\/www.domainevaldeceze.fr\/news\/#breadcrumb","itemListElement":[{"@type":"ListItem","position":1,"name":"Home","item":"https:\/\/www.domainevaldeceze.fr\/"},{"@type":"ListItem","position":2,"name":"NEWS"}]},{"@type":"WebSite","@id":"https:\/\/www.domainevaldeceze.fr\/#website","url":"https:\/\/www.domainevaldeceze.fr\/","name":"domaine Val de C\u00e8ze","description":"Le domaine  Val de C\u00e8ze est un h\u00f4tel (3 \u00e9toiles), un restaurant gastronomique et un lieu de r\u00e9ception pour tous types d&#039;\u00e9v\u00e9nements publics ou priv\u00e9s !","publisher":{"@id":"https:\/\/www.domainevaldeceze.fr\/#organization"},"potentialAction":[{"@type":"SearchAction","target":{"@type":"EntryPoint","urlTemplate":"https:\/\/www.domainevaldeceze.fr\/?s={search_term_string}"},"query-input":{"@type":"PropertyValueSpecification","valueRequired":true,"valueName":"search_term_string"}}],"inLanguage":"en-GB"},{"@type":"Organization","@id":"https:\/\/www.domainevaldeceze.fr\/#organization","name":"domaine Val de C\u00e8ze","url":"https:\/\/www.domainevaldeceze.fr\/","logo":{"@type":"ImageObject","inLanguage":"en-GB","@id":"https:\/\/www.domainevaldeceze.fr\/#\/schema\/logo\/image\/","url":"https:\/\/www.domainevaldeceze.fr\/wp-content\/uploads\/2022\/05\/cropped-1151006675256159-scaled-1.jpg","contentUrl":"https:\/\/www.domainevaldeceze.fr\/wp-content\/uploads\/2022\/05\/cropped-1151006675256159-scaled-1.jpg","width":2560,"height":1156,"caption":"domaine Val de C\u00e8ze"},"image":{"@id":"https:\/\/www.domainevaldeceze.fr\/#\/schema\/logo\/image\/"}}]}},"_links":{"self":[{"href":"https:\/\/www.domainevaldeceze.fr\/en\/wp-json\/wp\/v2\/pages\/948","targetHints":{"allow":["GET"]}}],"collection":[{"href":"https:\/\/www.domainevaldeceze.fr\/en\/wp-json\/wp\/v2\/pages"}],"about":[{"href":"https:\/\/www.domainevaldeceze.fr\/en\/wp-json\/wp\/v2\/types\/page"}],"author":[{"embeddable":true,"href":"https:\/\/www.domainevaldeceze.fr\/en\/wp-json\/wp\/v2\/users\/1"}],"replies":[{"embeddable":true,"href":"https:\/\/www.domainevaldeceze.fr\/en\/wp-json\/wp\/v2\/comments?post=948"}],"version-history":[{"count":31,"href":"https:\/\/www.domainevaldeceze.fr\/en\/wp-json\/wp\/v2\/pages\/948\/revisions"}],"predecessor-version":[{"id":1183,"href":"https:\/\/www.domainevaldeceze.fr\/en\/wp-json\/wp\/v2\/pages\/948\/revisions\/1183"}],"wp:attachment":[{"href":"https:\/\/www.domainevaldeceze.fr\/en\/wp-json\/wp\/v2\/media?parent=948"}],"curies":[{"name":"wp","href":"https:\/\/api.w.org\/{rel}","templated":true}]}}